{"id":4279,"date":"2024-06-13T10:34:24","date_gmt":"2024-06-13T10:34:24","guid":{"rendered":"https:\/\/hispona.org\/membros\/xose-luis-pastoriza-rozas\/"},"modified":"2024-06-13T10:34:25","modified_gmt":"2024-06-13T10:34:25","slug":"xose-luis-pastoriza-rozas","status":"publish","type":"page","link":"https:\/\/hispona.org\/gl_ES\/membros\/xose-luis-pastoriza-rozas\/","title":{"rendered":"Xos\u00e9 Lu\u00eds Pastoriza Rozas"},"content":{"rendered":"<section class=\"av_textblock_section \"  itemscope=\"itemscope\" itemtype=\"https:\/\/schema.org\/CreativeWork\" ><div class='avia_textblock  '   itemprop=\"text\" ><h2>Xos\u00e9 Lu\u00eds Pastoriza Rozas<\/h2>\n<h3>Membro<\/h3>\n<p><span data-contrast=\"auto\">Doutor en Filosof\u00eda pola <\/span><span data-contrast=\"auto\">Universidade de Santiago de Compostela coa tese <\/span><i><span data-contrast=\"auto\">Galeguismo, humanismo e desenvolvemento: o pensamento militante de Xaime Isla Couto<\/span><\/i><span data-contrast=\"auto\"> (2022)<\/span><span data-contrast=\"auto\">. M\u00e1ster en <\/span><span data-contrast=\"auto\">Desenvolvemento Local pola USC e MSc NGO and Development Management pola London School of Economics &amp; Political Science. Membro do grupo de investigaci\u00f3n HISPONA da USC, padroeiro da Fundaci\u00f3n Isla Couto, membro da C\u00e1tedra de Memoria Hist\u00f3rica da Universidade da Coru\u00f1a, experto do Consello Galego de Cooperaci\u00f3n para o Desenvolvemento (CONGACODE) e investigador asociado do Instituto Galego de An\u00e1lise e Documentaci\u00f3n Internacional (IGADI).<\/span><span data-ccp-props=\"{&quot;201341983&quot;:0,&quot;335551550&quot;:6,&quot;335551620&quot;:6,&quot;335559739&quot;:160,&quot;335559740&quot;:279}\">\u00a0<\/span><\/p>\n<p><span data-contrast=\"auto\">As s\u00faas \u00e1reas de investigaci\u00f3n abranguen a filosof\u00eda galega, o nacionalismo galego e as s\u00faas redes durante a II Rep\u00fablica e o Franquismo, a educaci\u00f3n para a cidadan\u00eda global e a pol\u00edtica p\u00fablica de cooperaci\u00f3n para o desenvolvemento. Nas s\u00faas publicaci\u00f3ns contribu\u00edu \u00e1 reconstruci\u00f3n das iniciativas pol\u00edtico-culturais do galeguismo e \u00e1s biograf\u00edas dos irm\u00e1ns Xaime e Ramiro Isla Couto, Chita Lamas Barreiro, Pl\u00e1cido Castro, Florencio Delgado Gurriar\u00e1n, Camilo Jos\u00e9 Cela, Ram\u00f3n Pi\u00f1eiro ou Francisco Fern\u00e1ndez del Riego.<\/span><span data-ccp-props=\"{&quot;201341983&quot;:0,&quot;335551550&quot;:6,&quot;335551620&quot;:6,&quot;335559739&quot;:160,&quot;335559740&quot;:279}\">\u00a0<\/span><\/p>\n<p><span data-contrast=\"auto\">A s\u00faa experiencia profesional incl\u00fae o traballo como t\u00e9cnico de proxectos e xesti\u00f3n na secretar\u00eda t\u00e9cnica da Coordinadora Galega de ONGD, t\u00e9cnico de educaci\u00f3n para a cidadan\u00eda global en Entreculturas ONGD, investigador na Fundaci\u00f3n Isla Couto e director do Colexio Maior Universitario San Agust\u00edn (Santiago de Compostela). Entre 2012 e 2023 facilitou como consultor os procesos participativos de planificaci\u00f3n estrat\u00e9xica e avaliaci\u00f3n da pol\u00edtica p\u00fablica de cooperaci\u00f3n para o desenvolvemento da Xunta de Galicia e prestou servizos de asistencia t\u00e9cnica a Entreculturas, Mans Unidas, Campa\u00f1a Mundial pola Educaci\u00f3n, Coordinadora Galega de ONGD, Fondo Galego de Cooperaci\u00f3n e Solidariedade, Oficina de Cooperaci\u00f3n e Voluntariado da Universidade da Coru\u00f1a e Rede Galega de Cooperaci\u00f3n Universitaria para o Desenvolvemento.<\/span><span data-ccp-props=\"{&quot;201341983&quot;:0,&quot;335551550&quot;:6,&quot;335551620&quot;:6,&quot;335559739&quot;:160,&quot;335559740&quot;:279}\">\u00a0<\/span><\/p>\n<\/div><\/section>\n<div class='flex_column av-p0jolx-275f6b9d4b69db0e0f624f187bc11233 av_one_half  avia-builder-el-1  el_after_av_textblock  el_before_av_hr  first flex_column_div column-top-margin'   ><\/div>\n<div  class='hr av-nbu41x-27cfd04f8264165f3fd37f9ef336d733 hr-short  avia-builder-el-2  el_after_av_one_half  el_before_av_one_half  hr-center '><span class='hr-inner '><span class=\"hr-inner-style\"><\/span><\/span><\/div>\n<div class='flex_column av-lulj51-068cbde4a65842e9d4fdd4a29f2cc2ea av_one_half  avia-builder-el-3  el_after_av_hr  el_before_av_one_half  first flex_column_div '   ><form action=\"https:\/\/hispona.org\/gl_ES\/membros\/xose-luis-pastoriza-rozas\/\" method=\"post\"  class=\"avia_ajax_form av-form-labels-visible   avia-builder-el-4  avia-builder-el-no-sibling   \" data-avia-form-id=\"1\" data-avia-redirect='' ><h3 class=''>Contacta con Xos\u00e9 Lu\u00eds Pastoriza Rozas<\/h3><fieldset><p class='  first_form  form_element form_fullwidth' id='element_avia_1_1'><label for=\"avia_1_1\">Nome <abbr class=\"required\" title=\"required\">*<\/abbr><\/label> <input name=\"avia_1_1\" class=\"text_input is_empty\" type=\"text\" id=\"avia_1_1\" value=\"\" \/><\/p><p class='  first_form  form_element form_fullwidth' id='element_avia_2_1'><label for=\"avia_2_1\">Correo electr\u00f3nico <abbr class=\"required\" title=\"required\">*<\/abbr><\/label> <input name=\"avia_2_1\" class=\"text_input is_email\" type=\"text\" id=\"avia_2_1\" value=\"\" \/><\/p><p class='  first_form  form_element form_fullwidth' id='element_avia_3_1'><label for=\"avia_3_1\">Asunto <abbr class=\"required\" title=\"required\">*<\/abbr><\/label> <input name=\"avia_3_1\" class=\"text_input is_empty\" type=\"text\" id=\"avia_3_1\" value=\"\" \/><\/p><p class='  first_form  form_element form_fullwidth av-last-visible-form-element' id='element_avia_4_1'><label for=\"avia_4_1\" class=\"textare_label hidden textare_label_avia_4_1\">Mensaxe <abbr class=\"required\" title=\"required\">*<\/abbr><\/label><textarea  name=\"avia_4_1\" class=\"text_area is_empty\" cols=\"40\" rows=\"7\" id=\"avia_4_1\" ><\/textarea><\/p><p class=\"hidden\"><input type=\"text\" name=\"avia_5_1\" class=\"hidden \" id=\"avia_5_1\" value=\"\" \/><\/p><p class=\"form_element \"><input type=\"hidden\" value=\"1\" name=\"avia_generated_form1\" \/><input type=\"submit\" value=\"Enviar\" class=\"button\"  data-sending-label=\"Sending\"\/><\/p><\/fieldset><\/form><div id=\"ajaxresponse_1\" class=\"ajaxresponse ajaxresponse_1 hidden\"><\/div><\/div>\n\n<style type=\"text\/css\" data-created_by=\"avia_inline_auto\" id=\"style-css-av-cp18xx-6f1bc50a3e0dfc4d69eb987d3390309f\">\n.flex_column.av-cp18xx-6f1bc50a3e0dfc4d69eb987d3390309f{\nborder-radius:0px 0px 0px 0px;\n-webkit-border-radius:0px 0px 0px 0px;\n-moz-border-radius:0px 0px 0px 0px;\n}\n<\/style>\n<div class='flex_column av-cp18xx-6f1bc50a3e0dfc4d69eb987d3390309f av_one_half  avia-builder-el-5  el_after_av_one_half  el_before_av_hr  flex_column_div av-zero-column-padding '   ><section class=\"av_textblock_section \"  itemscope=\"itemscope\" itemtype=\"https:\/\/schema.org\/CreativeWork\" ><div class='avia_textblock  '   itemprop=\"text\" ><h2>M\u00e1s informaci\u00f3n<\/h2>\n<\/div><\/section><br \/>\n<div  class='avia-icon-list-container av-8kybd1-c09a6848cc899b6f08b0fff4953ae97e  avia-builder-el-7  el_after_av_textblock  avia-builder-el-last  '><ul class='avia-icon-list avia_animate_when_almost_visible avia-icon-list-left av-iconlist-big av-8kybd1-c09a6848cc899b6f08b0fff4953ae97e avia-iconlist-animate'>\n<li><div class='iconlist_icon av-6z673p-437f1500aae1cdacb9aef6e9c85d452d avia-font-entypo-fontello'><span class='iconlist-char ' aria-hidden='true' data-av_icon='\ue84c' data-av_iconfont='entypo-fontello'><\/span><\/div><article class=\"article-icon-entry \"  itemscope=\"itemscope\" itemtype=\"https:\/\/schema.org\/CreativeWork\" ><div class='iconlist_content_wrap'><header class=\"entry-content-header\"><h4 class='av_iconlist_title iconlist_title   '  itemprop=\"headline\" ><a href='http:\/\/hispona.org\/wp-content\/uploads\/CV-Ministerio-2015.doc' title='Curr\u00edculum vitae'>Curr\u00edculum vitae<\/a><\/h4><\/header><div class='iconlist_content  '  itemprop=\"text\" ><p>List Content goes here<\/p>\n<\/div><\/div><footer class=\"entry-footer\"><\/footer><\/article><div class='iconlist-timeline'><\/div><\/li>\n<li><div class='iconlist_icon av-5r4z79-81db36cc197f2501a1a080ab3ebeb1e8 avia-font-entypo-fontello'><span class='iconlist-char ' aria-hidden='true' data-av_icon='\ue805' data-av_iconfont='entypo-fontello'><\/span><\/div><article class=\"article-icon-entry \"  itemscope=\"itemscope\" itemtype=\"https:\/\/schema.org\/CreativeWork\" ><div class='iconlist_content_wrap'><header class=\"entry-content-header\"><h4 class='av_iconlist_title iconlist_title   '  itemprop=\"headline\" >Correo<\/h4><\/header><div class='iconlist_content  '  itemprop=\"text\" ><p>List Content goes here<\/p>\n<\/div><\/div><footer class=\"entry-footer\"><\/footer><\/article><div class='iconlist-timeline'><\/div><\/li>\n<li><div class='iconlist_icon av-4cvclh-e50b49bbcde5402febecb0fb5fbc15a6 avia-font-entypo-fontello'><span class='iconlist-char ' aria-hidden='true' data-av_icon='\ue8b4' data-av_iconfont='entypo-fontello'><\/span><\/div><article class=\"article-icon-entry \"  itemscope=\"itemscope\" itemtype=\"https:\/\/schema.org\/CreativeWork\" ><div class='iconlist_content_wrap'><header class=\"entry-content-header\"><\/header><div class='iconlist_content  '  itemprop=\"text\" ><p>List Content goes here<\/p>\n<\/div><\/div><footer class=\"entry-footer\"><\/footer><\/article><div class='iconlist-timeline'><\/div><\/li>\n<\/ul><\/div><\/p><\/div>\n<div  class='hr av-2qcftx-9fc957970ce4348a964cefa9c9196940 hr-short  avia-builder-el-8  el_after_av_one_half  avia-builder-el-last  hr-center '><span class='hr-inner '><span class=\"hr-inner-style\"><\/span><\/span><\/div>\n","protected":false},"excerpt":{"rendered":"","protected":false},"author":5,"featured_media":0,"parent":2912,"menu_order":0,"comment_status":"open","ping_status":"open","template":"","meta":{"_bbp_topic_count":0,"_bbp_reply_count":0,"_bbp_total_topic_count":0,"_bbp_total_reply_count":0,"_bbp_voice_count":0,"_bbp_anonymous_reply_count":0,"_bbp_topic_count_hidden":0,"_bbp_reply_count_hidden":0,"_bbp_forum_subforum_count":0,"jetpack_post_was_ever_published":false,"footnotes":""},"class_list":["post-4279","page","type-page","status-publish","hentry"],"jetpack_shortlink":"https:\/\/wp.me\/P45vGI-171","jetpack_sharing_enabled":true,"_links":{"self":[{"href":"https:\/\/hispona.org\/gl_ES\/wp-json\/wp\/v2\/pages\/4279","targetHints":{"allow":["GET"]}}],"collection":[{"href":"https:\/\/hispona.org\/gl_ES\/wp-json\/wp\/v2\/pages"}],"about":[{"href":"https:\/\/hispona.org\/gl_ES\/wp-json\/wp\/v2\/types\/page"}],"author":[{"embeddable":true,"href":"https:\/\/hispona.org\/gl_ES\/wp-json\/wp\/v2\/users\/5"}],"replies":[{"embeddable":true,"href":"https:\/\/hispona.org\/gl_ES\/wp-json\/wp\/v2\/comments?post=4279"}],"version-history":[{"count":2,"href":"https:\/\/hispona.org\/gl_ES\/wp-json\/wp\/v2\/pages\/4279\/revisions"}],"predecessor-version":[{"id":4281,"href":"https:\/\/hispona.org\/gl_ES\/wp-json\/wp\/v2\/pages\/4279\/revisions\/4281"}],"up":[{"embeddable":true,"href":"https:\/\/hispona.org\/gl_ES\/wp-json\/wp\/v2\/pages\/2912"}],"wp:attachment":[{"href":"https:\/\/hispona.org\/gl_ES\/wp-json\/wp\/v2\/media?parent=4279"}],"curies":[{"name":"wp","href":"https:\/\/api.w.org\/{rel}","templated":true}]}}