{"id":4229,"date":"2024-06-13T09:44:50","date_gmt":"2024-06-13T09:44:50","guid":{"rendered":"https:\/\/hispona.org\/membros\/enrique-clemente-yanes\/"},"modified":"2024-06-13T09:44:51","modified_gmt":"2024-06-13T09:44:51","slug":"enrique-clemente-yanes","status":"publish","type":"page","link":"https:\/\/hispona.org\/gl_ES\/membros\/enrique-clemente-yanes\/","title":{"rendered":"Enrique Clemente Yanes"},"content":{"rendered":"<section class=\"av_textblock_section \"  itemscope=\"itemscope\" itemtype=\"https:\/\/schema.org\/CreativeWork\" ><div class='avia_textblock  '   itemprop=\"text\" ><h2>Enrique Clemente Yanes<\/h2>\n<h3>Miembro<\/h3>\n<p><a href=\"https:\/\/hispona.org\/wp-content\/uploads\/\/Foto-Clemente-Yanes-Enrique-200x300.jpeg\" data-mce-href=\"https:\/\/hispona.org\/wp-content\/uploads\/\/Foto-Clemente-Yanes-Enrique-200x300.jpeg\"><img loading=\"lazy\" decoding=\"async\" class=\"size-medium wp-image-4220 aligncenter\" src=\"https:\/\/hispona.org\/wp-content\/uploads\/\/Foto-Clemente-Yanes-Enrique-200x300.jpeg\" alt=\"\" width=\"200\" height=\"300\" data-mce-src=\"https:\/\/hispona.org\/wp-content\/uploads\/\/Foto-Clemente-Yanes-Enrique-200x300.jpeg\" srcset=\"https:\/\/hispona.org\/wp-content\/uploads\/Foto-Clemente-Yanes-Enrique-200x300.jpeg 200w, https:\/\/hispona.org\/wp-content\/uploads\/Foto-Clemente-Yanes-Enrique-470x705.jpeg 470w, https:\/\/hispona.org\/wp-content\/uploads\/Foto-Clemente-Yanes-Enrique.jpeg 519w\" sizes=\"auto, (max-width: 200px) 100vw, 200px\" \/><\/a><br data-mce-bogus=\"1\"><\/p>\n<p><span data-contrast=\"none\">Graduado en Ciencias Pol\u00edticas pola Universidad Complutense de Madrid e m\u00e1ster en Pol\u00edtica e Gobierno pola Universidad Aut\u00f3noma de Madrid (especialidade en teor\u00eda pol\u00edtica). Investigador predoutoral FPI adscrito ao proxecto \u00abLa Espa\u00f1a global: las identidades nacionales espa\u00f1olas en perspectiva transnacional\u00bb (PID2019-108299GB-C22, 2020-2024)<\/span><i><span data-contrast=\"none\">. <\/span><\/i><span data-contrast=\"none\">A s\u00faa \u00e1rea de investigaci\u00f3n \u00e9 a historia intelectual e do pensamento pol\u00edtico europeo. A s\u00faa tese de doutoramento, dentro do Programa de Doutoramento en Historia Contempor\u00e1nea da Universidade de Santiago de Compostela, aborda as variantes organicistas-pluralistas de Espa\u00f1a e Italia durante o per\u00edodo de entreguerras. Foi investigador visitante no Dipartimento di Scienze Sociali e Politiche da Universit\u00e0 degli Studi di Firenze. O vindeiro curso (2024-25) realizar\u00e1 unha estad\u00eda de investigaci\u00f3n na Universitat de Girona. Membro de REFAT (Red de Estudo dos Fascismos, Autoritarismos, Totalitarismos e transici\u00f3ns \u00e1 democracia).<\/span><span data-ccp-props=\"{&quot;134233117&quot;:false,&quot;134233118&quot;:false,&quot;201341983&quot;:0,&quot;335551550&quot;:6,&quot;335551620&quot;:6,&quot;335557856&quot;:16777215,&quot;335559738&quot;:0,&quot;335559739&quot;:0,&quot;335559740&quot;:279}\">&nbsp;<\/span><\/p>\n<p><span data-contrast=\"none\"><\/span><\/p>\n<\/div><\/section>\n","protected":false},"excerpt":{"rendered":"","protected":false},"author":5,"featured_media":0,"parent":2912,"menu_order":0,"comment_status":"closed","ping_status":"closed","template":"","meta":{"_bbp_topic_count":0,"_bbp_reply_count":0,"_bbp_total_topic_count":0,"_bbp_total_reply_count":0,"_bbp_voice_count":0,"_bbp_anonymous_reply_count":0,"_bbp_topic_count_hidden":0,"_bbp_reply_count_hidden":0,"_bbp_forum_subforum_count":0,"jetpack_post_was_ever_published":false,"footnotes":""},"class_list":["post-4229","page","type-page","status-publish","hentry"],"jetpack_shortlink":"https:\/\/wp.me\/P45vGI-16d","jetpack_sharing_enabled":true,"_links":{"self":[{"href":"https:\/\/hispona.org\/gl_ES\/wp-json\/wp\/v2\/pages\/4229","targetHints":{"allow":["GET"]}}],"collection":[{"href":"https:\/\/hispona.org\/gl_ES\/wp-json\/wp\/v2\/pages"}],"about":[{"href":"https:\/\/hispona.org\/gl_ES\/wp-json\/wp\/v2\/types\/page"}],"author":[{"embeddable":true,"href":"https:\/\/hispona.org\/gl_ES\/wp-json\/wp\/v2\/users\/5"}],"replies":[{"embeddable":true,"href":"https:\/\/hispona.org\/gl_ES\/wp-json\/wp\/v2\/comments?post=4229"}],"version-history":[{"count":2,"href":"https:\/\/hispona.org\/gl_ES\/wp-json\/wp\/v2\/pages\/4229\/revisions"}],"predecessor-version":[{"id":4231,"href":"https:\/\/hispona.org\/gl_ES\/wp-json\/wp\/v2\/pages\/4229\/revisions\/4231"}],"up":[{"embeddable":true,"href":"https:\/\/hispona.org\/gl_ES\/wp-json\/wp\/v2\/pages\/2912"}],"wp:attachment":[{"href":"https:\/\/hispona.org\/gl_ES\/wp-json\/wp\/v2\/media?parent=4229"}],"curies":[{"name":"wp","href":"https:\/\/api.w.org\/{rel}","templated":true}]}}