{"id":3695,"date":"2020-03-17T18:50:48","date_gmt":"2020-03-17T18:50:48","guid":{"rendered":"https:\/\/hispona.org\/?page_id=3695"},"modified":"2020-03-17T19:20:44","modified_gmt":"2020-03-17T19:20:44","slug":"jose-javier-rodriguez-gonzalez","status":"publish","type":"page","link":"https:\/\/hispona.org\/gl_ES\/membros\/jose-javier-rodriguez-gonzalez\/","title":{"rendered":"Jos\u00e9 Javier Rodr\u00edguez Gonz\u00e1lez"},"content":{"rendered":"\n<h2 class=\"wp-block-heading\"><strong>JOS\u00c9 JAVIER RODR\u00cdGUEZ GONZ\u00c1LEZ<\/strong><\/h2>\n\n\n\n<h3 class=\"wp-block-heading\">Colaborador<\/h3>\n\n\n\n<p>\n\n\n\nProfesor Titular de Historia Contempor\u00e1nea da Universidade de Le\u00f3n. As s\u00faas li\u00f1as de investigaci\u00f3n son Segunda Rep\u00fablica, Guerra Civil, Ditadura Franquista, Segunda Guerra Mundial, violencia pol\u00edtica e redes de espionaxe.&nbsp; Director do Grupo de Investigaci\u00f3n Consolidado da Universidade de Le\u00f3n INDETEHI \u201cTemas Hist\u00f3ricos\u201d. Un dos temas que abordou nas s\u00faas publicaci\u00f3ns \u00e9 o estudo da represi\u00f3n durante a Guerra Civil e a Ditadura, analizando os diversos sectores sociais que a sufriron, as\u00ed como o universo carcelario e os campos de concentraci\u00f3n.&nbsp; Noutras obras investigou sobre a construci\u00f3n do franquismo, as\u00ed como os procesos de control social levados a cabo pola ditadura. Nos \u00faltimos anos incorporou \u00e1 s\u00faa traxectoria investigadora o per\u00edodo da Segunda Guerra Mundial, analizando as relaci\u00f3ns entre a Alema\u00f1a nazi e a Espa\u00f1a franquista, as\u00ed como o estudo das redes de espionaxe alem\u00e1 e brit\u00e1nica establecidas no noso pa\u00eds durante a contenda b\u00e9lica.\nImpartiu docencia no M\u00e1ster Interuniversitario en Historia Contempor\u00e1nea dentro do curso \u201cMobilizaci\u00f3n Social e Pol\u00edtica en Espa\u00f1a no primeiro terzo do s\u00e9culo XX: da Restauraci\u00f3n \u00e1 Guerra Civil\u201d, nunha das s\u00faas sedes, a Universidade de Santiago de Compostela. Na actualidade \u00e9 profesor do M\u00e1ster Universitario en Cultura e Pensamento Europeo. Tradici\u00f3n e Pervivencia (Universidade de Le\u00f3n) e do M\u00e1ster Universitario en Sindicalismo e Di\u00e1logo Social (Universidade de Valladolid). No ano 2016, acudiu \u00e1 Universidade de Bonn (Alema\u00f1a) para participar na programaci\u00f3n docente de posgrao e en concreto no curso titulado \u201cMito e Modernidade nas Culturas Hisp\u00e1nicas\u201d organizado polo Departamento Institut VII\/ Abteilung F\u00fcr Romanistik. A s\u00faa participaci\u00f3n centrouse na tem\u00e1tica de \u201cOs mitos da Guerra Civil e o Franquismo na memoria cultural de Espa\u00f1a\u201d. Dirixiu 13 Cursos de Ver\u00e1n sobre Historia e Memoria organizados pola Universidade de Le\u00f3n, dous deles en colaboraci\u00f3n coa Universidade Carlos III de Madrid.\nNa actualidade \u00e9 o Investigador Principal do contrato\/proxecto \u201cInvestigaci\u00f3n das fortificaci\u00f3ns da guerra civil na provincia de Le\u00f3n\u201d, asinado entre a Junta de Castilla y Le\u00f3n e a Universidade de Le\u00f3n no ano 2019.\n\n\n\n\n<\/p>\n","protected":false},"excerpt":{"rendered":"<p>JOS\u00c9 JAVIER RODR\u00cdGUEZ GONZ\u00c1LEZ Colaborador Profesor Titular de Historia Contempor\u00e1nea da Universidade de Le\u00f3n. As s\u00faas li\u00f1as de investigaci\u00f3n son Segunda Rep\u00fablica, Guerra Civil, Ditadura Franquista, Segunda Guerra Mundial, violencia pol\u00edtica e redes de espionaxe.&nbsp; Director do Grupo de Investigaci\u00f3n Consolidado da Universidade de Le\u00f3n INDETEHI \u201cTemas Hist\u00f3ricos\u201d. Un dos temas que abordou nas s\u00faas [&hellip;]<\/p>\n","protected":false},"author":1,"featured_media":0,"parent":2912,"menu_order":0,"comment_status":"closed","ping_status":"closed","template":"","meta":{"_bbp_topic_count":0,"_bbp_reply_count":0,"_bbp_total_topic_count":0,"_bbp_total_reply_count":0,"_bbp_voice_count":0,"_bbp_anonymous_reply_count":0,"_bbp_topic_count_hidden":0,"_bbp_reply_count_hidden":0,"_bbp_forum_subforum_count":0,"jetpack_post_was_ever_published":false,"footnotes":""},"class_list":["post-3695","page","type-page","status-publish","hentry"],"jetpack_shortlink":"https:\/\/wp.me\/P45vGI-XB","jetpack_sharing_enabled":true,"_links":{"self":[{"href":"https:\/\/hispona.org\/gl_ES\/wp-json\/wp\/v2\/pages\/3695","targetHints":{"allow":["GET"]}}],"collection":[{"href":"https:\/\/hispona.org\/gl_ES\/wp-json\/wp\/v2\/pages"}],"about":[{"href":"https:\/\/hispona.org\/gl_ES\/wp-json\/wp\/v2\/types\/page"}],"author":[{"embeddable":true,"href":"https:\/\/hispona.org\/gl_ES\/wp-json\/wp\/v2\/users\/1"}],"replies":[{"embeddable":true,"href":"https:\/\/hispona.org\/gl_ES\/wp-json\/wp\/v2\/comments?post=3695"}],"version-history":[{"count":4,"href":"https:\/\/hispona.org\/gl_ES\/wp-json\/wp\/v2\/pages\/3695\/revisions"}],"predecessor-version":[{"id":3703,"href":"https:\/\/hispona.org\/gl_ES\/wp-json\/wp\/v2\/pages\/3695\/revisions\/3703"}],"up":[{"embeddable":true,"href":"https:\/\/hispona.org\/gl_ES\/wp-json\/wp\/v2\/pages\/2912"}],"wp:attachment":[{"href":"https:\/\/hispona.org\/gl_ES\/wp-json\/wp\/v2\/media?parent=3695"}],"curies":[{"name":"wp","href":"https:\/\/api.w.org\/{rel}","templated":true}]}}