{"id":3459,"date":"2017-05-12T14:41:24","date_gmt":"2017-05-12T14:41:24","guid":{"rendered":"http:\/\/hispona.org\/?page_id=3459"},"modified":"2017-05-12T14:41:40","modified_gmt":"2017-05-12T14:41:40","slug":"3459-2","status":"publish","type":"page","link":"https:\/\/hispona.org\/gl_ES\/3459-2\/","title":{"rendered":"Teses"},"content":{"rendered":"<section class=\"av_textblock_section \"  itemscope=\"itemscope\" itemtype=\"https:\/\/schema.org\/CreativeWork\" ><div class='avia_textblock  '   itemprop=\"text\" ><h2>2014<\/h2>\n<\/div><\/section>\n<div  class='avia-icon-list-container av-av_iconlist-6f42dbbc5ffb1cc2e133a223b9c55fcd  avia-builder-el-1  el_after_av_textblock  el_before_av_textblock  '><ul class='avia-icon-list avia_animate_when_almost_visible avia-icon-list-left av-iconlist-big av-av_iconlist-6f42dbbc5ffb1cc2e133a223b9c55fcd avia-iconlist-animate'>\n<li><div class='iconlist_icon av-av_iconlist_item-0c087c8aeca1d888ed78934ceca81749 avia-font-entypo-fontello'><span class='iconlist-char ' aria-hidden='true' data-av_icon='\ue8c9' data-av_iconfont='entypo-fontello'><\/span><\/div><article class=\"article-icon-entry \"  itemscope=\"itemscope\" itemtype=\"https:\/\/schema.org\/CreativeWork\" ><div class='iconlist_content_wrap'><header class=\"entry-content-header\"><h4 class='av_iconlist_title iconlist_title   '  itemprop=\"headline\" >La memoria de las guerras de Marruecos en Espa\u00f1a (1859-1936)<\/h4><\/header><div class='iconlist_content  '  itemprop=\"text\" ><p><strong>Autor:\u00a0<\/strong>Alfonso Iglesias Amor\u00edn<\/p>\n<p><strong>Data\u00a0de lectura: <\/strong>05\/12\/2014<\/p>\n<p><strong>Director:\u00a0<\/strong>Xos\u00e9 Manoel N\u00fa\u00f1ez Seixas<\/p>\n<\/div><\/div><footer class=\"entry-footer\"><\/footer><\/article><div class='iconlist-timeline'><\/div><\/li>\n<\/ul><\/div>\n<section class=\"av_textblock_section \"  itemscope=\"itemscope\" itemtype=\"https:\/\/schema.org\/CreativeWork\" ><div class='avia_textblock  '   itemprop=\"text\" ><h2>2012<\/h2>\n<\/div><\/section>\n<div  class='avia-icon-list-container av-av_iconlist-6f42dbbc5ffb1cc2e133a223b9c55fcd  avia-builder-el-3  el_after_av_textblock  el_before_av_textblock  '><ul class='avia-icon-list avia_animate_when_almost_visible avia-icon-list-left av-iconlist-big av-av_iconlist-6f42dbbc5ffb1cc2e133a223b9c55fcd avia-iconlist-animate'>\n<li><div class='iconlist_icon av-av_iconlist_item-44c8230e5f085eec1b9370a19b3c724b avia-font-entypo-fontello'><span class='iconlist-char ' aria-hidden='true' data-av_icon='\ue8c9' data-av_iconfont='entypo-fontello'><\/span><\/div><article class=\"article-icon-entry \"  itemscope=\"itemscope\" itemtype=\"https:\/\/schema.org\/CreativeWork\" ><div class='iconlist_content_wrap'><header class=\"entry-content-header\"><h4 class='av_iconlist_title iconlist_title   '  itemprop=\"headline\" >Emigraci\u00f3n, cambio social e politizaci\u00f3n na Galicia rural: 1880-1960. Unha perspectiva local e microsocial<\/h4><\/header><div class='iconlist_content  '  itemprop=\"text\" ><p><strong>Autor:\u00a0<\/strong>Ra\u00fal Soutelo V\u00e1zquez<\/p>\n<p><strong>Data\u00a0de lectura:\u00a0<\/strong>\/2012<\/p>\n<p><strong>Director:\u00a0<\/strong>Jes\u00fas de Juana L\u00f3pez e Xos\u00e9 Manoel N\u00fa\u00f1ez Seixas<\/p>\n<\/div><\/div><footer class=\"entry-footer\"><\/footer><\/article><div class='iconlist-timeline'><\/div><\/li>\n<\/ul><\/div>\n<section class=\"av_textblock_section \"  itemscope=\"itemscope\" itemtype=\"https:\/\/schema.org\/CreativeWork\" ><div class='avia_textblock  '   itemprop=\"text\" ><h2>2010<\/h2>\n<\/div><\/section>\n<div  class='avia-icon-list-container av-av_iconlist-6f42dbbc5ffb1cc2e133a223b9c55fcd  avia-builder-el-5  el_after_av_textblock  avia-builder-el-last  '><ul class='avia-icon-list avia_animate_when_almost_visible avia-icon-list-left av-iconlist-big av-av_iconlist-6f42dbbc5ffb1cc2e133a223b9c55fcd avia-iconlist-animate'>\n<li><div class='iconlist_icon av-av_iconlist_item-b42b95a15b2b5ace90aebab971eada90 avia-font-entypo-fontello'><span class='iconlist-char ' aria-hidden='true' data-av_icon='\ue8c9' data-av_iconfont='entypo-fontello'><\/span><\/div><article class=\"article-icon-entry \"  itemscope=\"itemscope\" itemtype=\"https:\/\/schema.org\/CreativeWork\" ><div class='iconlist_content_wrap'><header class=\"entry-content-header\"><h4 class='av_iconlist_title iconlist_title   '  itemprop=\"headline\" >A participaci\u00f3n pol\u00edtica dos emigrantes galegos (1905-2010)<\/h4><\/header><div class='iconlist_content  '  itemprop=\"text\" ><p><strong>Autor:\u00a0<\/strong>Anxo Lugilde Pardo<\/p>\n<p><strong>Data\u00a0de lectura:\u00a0<\/strong>22\/12\/2010<\/p>\n<p><strong>Director:\u00a0<\/strong>Xos\u00e9 Manoel N\u00fa\u00f1ez Seixas<\/p>\n<\/div><\/div><footer class=\"entry-footer\"><\/footer><\/article><div class='iconlist-timeline'><\/div><\/li>\n<li><div class='iconlist_icon av-av_iconlist_item-b88c86211394a0857fa8b32dee502980 avia-font-entypo-fontello'><span class='iconlist-char ' aria-hidden='true' data-av_icon='\ue8c9' data-av_iconfont='entypo-fontello'><\/span><\/div><article class=\"article-icon-entry \"  itemscope=\"itemscope\" itemtype=\"https:\/\/schema.org\/CreativeWork\" ><div class='iconlist_content_wrap'><header class=\"entry-content-header\"><h4 class='av_iconlist_title iconlist_title   '  itemprop=\"headline\" >La inmigraci\u00f3n gallega en el sur del Gran Buenos Aires, 1869-1960<\/h4><\/header><div class='iconlist_content  '  itemprop=\"text\" ><p><strong>Autor:\u00a0<\/strong>Ruy Gonzalo Far\u00edas Iglesias<\/p>\n<p><strong>Data de lectura:\u00a0<\/strong>06\/04\/2010<\/p>\n<p><strong>Director:\u00a0<\/strong>Xos\u00e9 Manoel N\u00fa\u00f1ez Seixas e Alejandro Fern\u00e1ndez<\/p>\n<\/div><\/div><footer class=\"entry-footer\"><\/footer><\/article><div class='iconlist-timeline'><\/div><\/li>\n<\/ul><\/div>\n","protected":false},"excerpt":{"rendered":"","protected":false},"author":2,"featured_media":0,"parent":0,"menu_order":0,"comment_status":"open","ping_status":"open","template":"","meta":{"_bbp_topic_count":0,"_bbp_reply_count":0,"_bbp_total_topic_count":0,"_bbp_total_reply_count":0,"_bbp_voice_count":0,"_bbp_anonymous_reply_count":0,"_bbp_topic_count_hidden":0,"_bbp_reply_count_hidden":0,"_bbp_forum_subforum_count":0,"jetpack_post_was_ever_published":false,"footnotes":""},"class_list":["post-3459","page","type-page","status-publish","hentry"],"jetpack_shortlink":"https:\/\/wp.me\/P45vGI-TN","jetpack_sharing_enabled":true,"_links":{"self":[{"href":"https:\/\/hispona.org\/gl_ES\/wp-json\/wp\/v2\/pages\/3459","targetHints":{"allow":["GET"]}}],"collection":[{"href":"https:\/\/hispona.org\/gl_ES\/wp-json\/wp\/v2\/pages"}],"about":[{"href":"https:\/\/hispona.org\/gl_ES\/wp-json\/wp\/v2\/types\/page"}],"author":[{"embeddable":true,"href":"https:\/\/hispona.org\/gl_ES\/wp-json\/wp\/v2\/users\/2"}],"replies":[{"embeddable":true,"href":"https:\/\/hispona.org\/gl_ES\/wp-json\/wp\/v2\/comments?post=3459"}],"version-history":[{"count":3,"href":"https:\/\/hispona.org\/gl_ES\/wp-json\/wp\/v2\/pages\/3459\/revisions"}],"predecessor-version":[{"id":3461,"href":"https:\/\/hispona.org\/gl_ES\/wp-json\/wp\/v2\/pages\/3459\/revisions\/3461"}],"wp:attachment":[{"href":"https:\/\/hispona.org\/gl_ES\/wp-json\/wp\/v2\/media?parent=3459"}],"curies":[{"name":"wp","href":"https:\/\/api.w.org\/{rel}","templated":true}]}}