{"id":2944,"date":"2014-01-23T18:15:17","date_gmt":"2014-01-23T18:15:17","guid":{"rendered":"http:\/\/hispona.org\/?page_id=2944"},"modified":"2024-06-12T17:46:49","modified_gmt":"2024-06-12T17:46:49","slug":"luis-velasco-martinez","status":"publish","type":"page","link":"https:\/\/hispona.org\/gl_ES\/membros\/luis-velasco-martinez\/","title":{"rendered":"Luis Velasco Mart\u00ednez"},"content":{"rendered":"<\/p>\n<section class=\"av_textblock_section \"  itemscope=\"itemscope\" itemtype=\"https:\/\/schema.org\/CreativeWork\" ><div class='avia_textblock  '   itemprop=\"text\" ><h2>Luis Velasco Mart\u00ednez<\/h2>\n<h3>Colaborador externo<\/h3>\n<p><a href=\"http:\/\/hispona.org\/wp-content\/uploads\/Luis.jpg\"><img loading=\"lazy\" decoding=\"async\" class=\"size-full wp-image-2699 aligncenter\" src=\"http:\/\/hispona.org\/wp-content\/uploads\/Luis.jpg\" alt=\"Luis Velasco\" width=\"270\" height=\"270\" \/><\/a><\/p>\n<p><span data-contrast=\"none\">Profesor Axudante Doutor da \u00e1rea de Historia Contempor\u00e1nea da Universidade de Vigo (Espa\u00f1a), durante o curso 2023\/24 foi <\/span><i><span data-contrast=\"none\">visiting<\/span><\/i> <i><span data-contrast=\"none\">lecturer<\/span><\/i><span data-contrast=\"none\"> no King\u2019<\/span><span data-contrast=\"none\">s<\/span> <span data-contrast=\"none\">College<\/span> <span data-contrast=\"none\">London<\/span><span data-contrast=\"none\">. Dentro da UVigo imparte docencia nas facultades de Historia e Relaci\u00f3ns Internacionais do Campus de Ourense e na Facultade de Ciencias da Educaci\u00f3n e o Deporte do Campus de Pontevedra. Ademais desenvolve a s\u00faa actividade investigadora no marco do grupo de investigaci\u00f3n <\/span><span data-contrast=\"none\">HC1<\/span><span data-contrast=\"none\">.<\/span><span data-ccp-props=\"{\"335551550\":6,\"335551620\":6}\">\u00a0<\/span><\/p>\n<p><span data-ccp-props=\"{\"335551550\":6,\"335551620\":6}\">\u00a0<\/span><\/p>\n<p><span data-contrast=\"none\">Doutor Internacional en Historia Contempor\u00e1nea pola USC, doutorouse nela baixo a direcci\u00f3n de Xos\u00e9 Manoel N\u00fa\u00f1ez Seixas cunha tese titulada <\/span><i><span data-contrast=\"none\">A Naci\u00f3n Marcial: Servizo Militar Obrigatorio e Educaci\u00f3n <\/span><\/i><i><span data-contrast=\"none\">Patri\u00f3tica<\/span><\/i><i><span data-contrast=\"none\"> en Espa\u00f1a (1898-1982)<\/span><\/i><span data-contrast=\"none\">, realizada no marco do grupo de investigaci\u00f3n <\/span><span data-contrast=\"none\">HISPONA<\/span><span data-contrast=\"none\">. Foi investigador visitante entre outras de Universidade de Buenos Aires, Columbia <\/span><span data-contrast=\"none\">University<\/span><span data-contrast=\"none\">, <\/span><span data-contrast=\"none\">Barnard<\/span> <span data-contrast=\"none\">College<\/span><span data-contrast=\"none\">, <\/span><span data-contrast=\"none\">Center<\/span> <span data-contrast=\"none\">for<\/span> <span data-contrast=\"none\">War<\/span> <span data-contrast=\"none\">Studies<\/span><span data-contrast=\"none\">, <\/span><span data-contrast=\"none\">University<\/span> <span data-contrast=\"none\">College<\/span> <span data-contrast=\"none\">Dublin<\/span><span data-contrast=\"none\"> e El Colegio de M\u00e9xico.\u00a0<\/span><span data-ccp-props=\"{\"335551550\":6,\"335551620\":6}\">\u00a0<\/span><\/p>\n<p><span data-ccp-props=\"{\"335551550\":6,\"335551620\":6}\">\u00a0<\/span><\/p>\n<p><span data-contrast=\"none\">Anteriormente foi profesor das universidades de M\u00e1laga e Pablo de <\/span><span data-contrast=\"none\">Olavide<\/span><span data-contrast=\"none\"> de Sevilla. Foi investigador do Programa Nacional de Formaci\u00f3n de Doutores do Ministerio de Ciencia no departamento de Historia Contempor\u00e1nea e de Am\u00e9rica da USC, onde tam\u00e9n foi membro do seu claustro e o seu consello de goberno, ademais de director do Colexio Maior \u00abRodr\u00edguez Cadarso\u00bb.<\/span><span data-ccp-props=\"{\"335551550\":6,\"335551620\":6}\">\u00a0<\/span><\/p>\n<p><span data-ccp-props=\"{\"335551550\":6,\"335551620\":6}\">\u00a0<\/span><\/p>\n<p><span data-contrast=\"none\">Actualmente compaxina a docencia e a investigaci\u00f3n na UVigo co seu cargo de coordinador do M\u00e1ster en Seguridade, Paz e Conflitos Internacionais da USC e o <\/span><span data-contrast=\"none\">IEEE<\/span><span data-contrast=\"none\">. A s\u00faa investigaci\u00f3n c\u00e9ntrase no proceso de construci\u00f3n do nacionalismo espa\u00f1ol ao longo do s\u00e9culo <\/span><span data-contrast=\"none\">XX<\/span><span data-contrast=\"none\"> e na historia dos conflitos.<\/span><span data-ccp-props=\"{\"335551550\":6,\"335551620\":6}\">\u00a0<\/span><\/p>\n<p><span data-ccp-props=\"{\"335551550\":6,\"335551620\":6}\">\u00a0<\/span><\/p>\n<p><span data-contrast=\"none\">Entre as s\u00faas publicaci\u00f3ns m\u00e1is recentes:<\/span><span data-ccp-props=\"{\"335551550\":6,\"335551620\":6}\">\u00a0<\/span><\/p>\n<p><span data-contrast=\"auto\">Velasco, L. (2024): \u00abServicio Militar: memoria, movilizaci\u00f3n y naci\u00f3n\u00bb, <\/span><i><span data-contrast=\"auto\">Revista Universitaria de Historia Militar<\/span><\/i><span data-contrast=\"auto\">, 13(26).\u00a0<\/span><span data-ccp-props=\"{\"335551550\":6,\"335551620\":6}\">\u00a0<\/span><\/p>\n<p><span data-contrast=\"auto\">Velasco, L. (2023): <\/span><i><span data-contrast=\"auto\">Fascismo de ultramar: el falangismo espa\u00f1ol en el R\u00edo de la Plata (1936-1943)<\/span><\/i><span data-contrast=\"auto\">. Buenos Aires: Biblos.<\/span><span data-ccp-props=\"{\"335551550\":6,\"335551620\":6}\">\u00a0<\/span><\/p>\n<p><span data-contrast=\"auto\">Velasco, L.; Prada, J. (2022): <\/span><i><span data-contrast=\"auto\">Estrategias de ludificaci\u00f3n aplicadas a la ense\u00f1anza de la historia<\/span><\/i><span data-contrast=\"auto\">. Barcelona: Gra\u00f3.<\/span><span data-ccp-props=\"{\"335551550\":6,\"335551620\":6}\">\u00a0<\/span><\/p>\n<p><span data-contrast=\"auto\">Velasco, L.; Azcona, J. M. (2021) <\/span><i><span data-contrast=\"auto\">Camisas azules en Hispanoam\u00e9rica (1936-1978). Organizaci\u00f3n pol\u00edtica y prosopograf\u00eda del falangismo en Ultramar<\/span><\/i><span data-contrast=\"auto\">. Madrid: Dykinson.<\/span><\/p>\n<\/div><\/section>\n<div class='flex_column av-pz0we8-3d6d54850cfb11a65b323b3a6cb69b87 av_one_half  avia-builder-el-1  el_after_av_textblock  el_before_av_hr  first flex_column_div column-top-margin'   ><\/div>\n<div  class='hr av-2dm728-3e20c6cf955aef2a1fced0fd39ba9c47 hr-short  avia-builder-el-2  el_after_av_one_half  el_before_av_one_half  hr-center '><span class='hr-inner '><span class=\"hr-inner-style\"><\/span><\/span><\/div>\n<div class='flex_column av-m35bj4-79cc31c019519691900d32305876df6c av_one_half  avia-builder-el-3  el_after_av_hr  el_before_av_one_half  first flex_column_div '   ><form action=\"https:\/\/hispona.org\/gl_ES\/membros\/luis-velasco-martinez\/\" method=\"post\"  class=\"avia_ajax_form av-form-labels-visible   avia-builder-el-4  avia-builder-el-no-sibling   \" data-avia-form-id=\"1\" data-avia-redirect='' ><h3 class=''>Contacta con Luis Velasco<\/h3><fieldset><p class='  first_form  form_element form_fullwidth' id='element_avia_1_1'><label for=\"avia_1_1\">Nome <abbr class=\"required\" title=\"required\">*<\/abbr><\/label> <input name=\"avia_1_1\" class=\"text_input is_empty\" type=\"text\" id=\"avia_1_1\" value=\"\" \/><\/p><p class='  first_form  form_element form_fullwidth' id='element_avia_2_1'><label for=\"avia_2_1\">Correo electr\u00f3nico <abbr class=\"required\" title=\"required\">*<\/abbr><\/label> <input name=\"avia_2_1\" class=\"text_input is_email\" type=\"text\" id=\"avia_2_1\" value=\"\" \/><\/p><p class='  first_form  form_element form_fullwidth' id='element_avia_3_1'><label for=\"avia_3_1\">Asunto <abbr class=\"required\" title=\"required\">*<\/abbr><\/label> <input name=\"avia_3_1\" class=\"text_input is_empty\" type=\"text\" id=\"avia_3_1\" value=\"\" \/><\/p><p class='  first_form  form_element form_fullwidth av-last-visible-form-element' id='element_avia_4_1'><label for=\"avia_4_1\" class=\"textare_label hidden textare_label_avia_4_1\">Mensaxe <abbr class=\"required\" title=\"required\">*<\/abbr><\/label><textarea  name=\"avia_4_1\" class=\"text_area is_empty\" cols=\"40\" rows=\"7\" id=\"avia_4_1\" ><\/textarea><\/p><p class=\"hidden\"><input type=\"text\" name=\"avia_5_1\" class=\"hidden \" id=\"avia_5_1\" value=\"\" \/><\/p><p class=\"form_element \"><input type=\"hidden\" value=\"1\" name=\"avia_generated_form1\" \/><input type=\"submit\" value=\"Enviar\" class=\"button\"  data-sending-label=\"Sending\"\/><\/p><\/fieldset><\/form><div id=\"ajaxresponse_1\" class=\"ajaxresponse ajaxresponse_1 hidden\"><\/div><\/div>\n\n<style type=\"text\/css\" data-created_by=\"avia_inline_auto\" id=\"style-css-av-d2uibk-393a367f5f7cbf26b8d0b3fff97f1fac\">\n.flex_column.av-d2uibk-393a367f5f7cbf26b8d0b3fff97f1fac{\nborder-radius:0px 0px 0px 0px;\n-webkit-border-radius:0px 0px 0px 0px;\n-moz-border-radius:0px 0px 0px 0px;\n}\n<\/style>\n<div class='flex_column av-d2uibk-393a367f5f7cbf26b8d0b3fff97f1fac av_one_half  avia-builder-el-5  el_after_av_one_half  el_before_av_hr  flex_column_div av-zero-column-padding '   ><section class=\"av_textblock_section \"  itemscope=\"itemscope\" itemtype=\"https:\/\/schema.org\/CreativeWork\" ><div class='avia_textblock  '   itemprop=\"text\" ><h2>Mais informaci\u00f3n<\/h2>\n<\/div><\/section><br \/>\n<div  class='avia-icon-list-container av-8hhkrk-d60020023ecf155bfb2ce42206980b08  avia-builder-el-7  el_after_av_textblock  avia-builder-el-last  '><ul class='avia-icon-list avia_animate_when_almost_visible avia-icon-list-left av-iconlist-big av-8hhkrk-d60020023ecf155bfb2ce42206980b08 avia-iconlist-animate'>\n<li><div class='iconlist_icon av-6xzrgw-f18afddce201b2df688b718a0cd7571e avia-font-entypo-fontello'><span class='iconlist-char ' aria-hidden='true' data-av_icon='\ue84d' data-av_iconfont='entypo-fontello'><\/span><\/div><article class=\"article-icon-entry \"  itemscope=\"itemscope\" itemtype=\"https:\/\/schema.org\/CreativeWork\" ><div class='iconlist_content_wrap'><header class=\"entry-content-header\"><h4 class='av_iconlist_title iconlist_title   '  itemprop=\"headline\" >Curriculum<\/h4><\/header><div class='iconlist_content  '  itemprop=\"text\" ><p>List Content goes here<\/p>\n<\/div><\/div><footer class=\"entry-footer\"><\/footer><\/article><div class='iconlist-timeline'><\/div><\/li>\n<li><div class='iconlist_icon av-5te00g-c7e1974baa3e4c2d6b82cc64255809f8 avia-font-entypo-fontello'><span class='iconlist-char ' aria-hidden='true' data-av_icon='\ue805' data-av_iconfont='entypo-fontello'><\/span><\/div><article class=\"article-icon-entry \"  itemscope=\"itemscope\" itemtype=\"https:\/\/schema.org\/CreativeWork\" ><div class='iconlist_content_wrap'><header class=\"entry-content-header\"><h4 class='av_iconlist_title iconlist_title   '  itemprop=\"headline\" ><a href='mailto:luis.velasco@usc.es' title='Mail'>Mail<\/a><\/h4><\/header><div class='iconlist_content  '  itemprop=\"text\" ><p>luis.velasco@usc.es<\/p>\n<\/div><\/div><footer class=\"entry-footer\"><\/footer><\/article><div class='iconlist-timeline'><\/div><\/li>\n<li><div class='iconlist_icon av-4sbc68-ca9db0dbbcc955dfa06650d15a112a17 avia-font-entypo-fontello'><span class='iconlist-char ' aria-hidden='true' data-av_icon='\ue8fd' data-av_iconfont='entypo-fontello'><\/span><\/div><article class=\"article-icon-entry \"  itemscope=\"itemscope\" itemtype=\"https:\/\/schema.org\/CreativeWork\" ><div class='iconlist_content_wrap'><header class=\"entry-content-header\"><h4 class='av_iconlist_title iconlist_title   '  itemprop=\"headline\" >LinkedIn<\/h4><\/header><div class='iconlist_content  '  itemprop=\"text\" ><p>List Content goes here<\/p>\n<\/div><\/div><footer class=\"entry-footer\"><\/footer><\/article><div class='iconlist-timeline'><\/div><\/li>\n<\/ul><\/div><\/p><\/div>\n<div  class='hr av-2tcgv4-f572529a46c66a64e84a1f877b8fcdfb hr-short  avia-builder-el-8  el_after_av_one_half  avia-builder-el-last  hr-center '><span class='hr-inner '><span class=\"hr-inner-style\"><\/span><\/span><\/div>\n","protected":false},"excerpt":{"rendered":"","protected":false},"author":5,"featured_media":0,"parent":2912,"menu_order":0,"comment_status":"open","ping_status":"open","template":"","meta":{"_bbp_topic_count":0,"_bbp_reply_count":0,"_bbp_total_topic_count":0,"_bbp_total_reply_count":0,"_bbp_voice_count":0,"_bbp_anonymous_reply_count":0,"_bbp_topic_count_hidden":0,"_bbp_reply_count_hidden":0,"_bbp_forum_subforum_count":0,"jetpack_post_was_ever_published":false,"footnotes":""},"class_list":["post-2944","page","type-page","status-publish","hentry"],"jetpack_shortlink":"https:\/\/wp.me\/P45vGI-Lu","jetpack_sharing_enabled":true,"_links":{"self":[{"href":"https:\/\/hispona.org\/gl_ES\/wp-json\/wp\/v2\/pages\/2944","targetHints":{"allow":["GET"]}}],"collection":[{"href":"https:\/\/hispona.org\/gl_ES\/wp-json\/wp\/v2\/pages"}],"about":[{"href":"https:\/\/hispona.org\/gl_ES\/wp-json\/wp\/v2\/types\/page"}],"author":[{"embeddable":true,"href":"https:\/\/hispona.org\/gl_ES\/wp-json\/wp\/v2\/users\/5"}],"replies":[{"embeddable":true,"href":"https:\/\/hispona.org\/gl_ES\/wp-json\/wp\/v2\/comments?post=2944"}],"version-history":[{"count":6,"href":"https:\/\/hispona.org\/gl_ES\/wp-json\/wp\/v2\/pages\/2944\/revisions"}],"predecessor-version":[{"id":4170,"href":"https:\/\/hispona.org\/gl_ES\/wp-json\/wp\/v2\/pages\/2944\/revisions\/4170"}],"up":[{"embeddable":true,"href":"https:\/\/hispona.org\/gl_ES\/wp-json\/wp\/v2\/pages\/2912"}],"wp:attachment":[{"href":"https:\/\/hispona.org\/gl_ES\/wp-json\/wp\/v2\/media?parent=2944"}],"curies":[{"name":"wp","href":"https:\/\/api.w.org\/{rel}","templated":true}]}}