{"id":2938,"date":"2014-01-23T18:07:02","date_gmt":"2014-01-23T18:07:02","guid":{"rendered":"http:\/\/hispona.org\/?page_id=2938"},"modified":"2014-06-17T21:17:09","modified_gmt":"2014-06-17T21:17:09","slug":"rui-gonzalo-farias-iglesias","status":"publish","type":"page","link":"https:\/\/hispona.org\/gl_ES\/membros\/rui-gonzalo-farias-iglesias\/","title":{"rendered":"Ruy Gonzalo Far\u00edas Iglesias"},"content":{"rendered":"<section class=\"av_textblock_section \"  itemscope=\"itemscope\" itemtype=\"https:\/\/schema.org\/CreativeWork\" ><div class='avia_textblock  '   itemprop=\"text\" ><h2>Ruy Gonzalo Far\u00edas Iglesias<\/h2>\n<h3>Colaborador externo<\/h3>\n<p><a href=\"http:\/\/hispona.org\/wp-content\/uploads\/Ruy.jpg\"><img loading=\"lazy\" decoding=\"async\" class=\"alignright size-full wp-image-2699\" alt=\"Rui Far\u00edas\" src=\"http:\/\/hispona.org\/wp-content\/uploads\/Ruy.jpg\" width=\"270\" height=\"270\" \/><\/a><\/p>\n<p>Profesor de Historia pola Universidad de Buenos Aires (UBA) e Doutor na mesma disciplina pola Universidade de Santiago de Compostela (USC).<\/p>\n<p>Traballa como Investigador \u00a0e docente no Consejo Nacional de Investigaciones Cient\u00edficas y T\u00e9cnicas (CONICET, Argentina), a Universidad Nacional General Sarmiento (UNGS) e o Museo de la Emigraci\u00f3n Gallega en la Argentina. \u00c9, ademais, colaborador do Laborat\u00f3rio de Estudos de Imigra\u00e7\u00e3o (Universidade do Estado do Rio de Janeiro) e membro do Programa de Historia Oral da UBA.<\/p>\n<p>A sua labor cient\u00edfica c\u00e9ntrase no estudo da inmigraci\u00f3n galega en Arxentina, ainda que tam\u00e9n aborda a represi\u00f3n franquista en Galicia durante e despois da Guerra Civil espa\u00f1ola, e o exilio galego \u00e1 Rep\u00fablica austral. Dende 2012, no marco do CONICET, traballa en torno \u00e1s caracter\u00edsticas xerais, integraci\u00f3n e imaxinario colectivo das migraci\u00f3ns espa\u00f1olas a aquel pa\u00eds no per\u00edodo da segunda posguerra.<\/p>\n<p>Actualmente participa nos proxectos de investigaci\u00f3n \u201cLas pol\u00edticas de intercambio acad\u00e9mico de la Universidad de Buenos Aires: una perspectiva hist\u00f3rica\u201d (UNGS, con financiaci\u00f3n da Agencia Nacional de Promoci\u00f3n Cient\u00edfica y Tecnol\u00f3gica, Arxentina), \u201cLa Trascendencia Migratoria de la Ley de la Memoria Hist\u00f3rica\u201d (Universidade da Coru\u00f1a) e \u201cLa naci\u00f3n desde la ra\u00edz. Nacionalismo espa\u00f1ol y sociedad civil en el siglo XX\u201d (USC).<\/p>\n<p>Ten publicado numerosos artigos en revistas especializadas e de divulgaci\u00f3n, as\u00ed como tam\u00e9n varios cap\u00edtulos en obras colectivas. Compilou\u00a0<i>Buenos Aires Gallega. Inmigraci\u00f3n, pasado y presente<\/i> (CPPHC: Buenos Aires, 2007), <i>Bos Aires galega<\/i> (Toxosoutos: Noia, 2010) e\u00a0<i>Novos olhares sobre a imigra\u00e7\u00e3o ib\u00e9rica em Am\u00e9rica Latina (ss. XIX-XX)<\/i> (Universidade Salgado de Oliveira: Niter\u00f3i, 2013), este \u00faltimo en colaboraci\u00f3n con Erica Sarmiento. \u00c9 tam\u00e9n coautor de <i>Los \u201cgallegos\u201d en el imaginario argentino. Literatura, sainete, prensa<\/i> (A Coru\u00f1a\/Vigo: Fundaci\u00f3n Pedro Barri\u00e9 de la Maza, 2008). En 2010 a USC editou en CD-ROM a sua tese de doutoramento, <i>La inmigraci\u00f3n gallega en el Sur del Gran Buenos Aries, 1869-1960<\/i>.<\/p>\n<\/div><\/section>\n<div class='flex_column av-av_one_half-2a9015ff38129c418a3f2eafba3e9512 av_one_half  avia-builder-el-1  el_after_av_textblock  el_before_av_hr  first flex_column_div column-top-margin'   ><\/div>\n<div  class='hr av-av_hr-c69e1af1bad63c3964cc522caf796498 hr-short  avia-builder-el-2  el_after_av_one_half  el_before_av_one_half  hr-center '><span class='hr-inner '><span class=\"hr-inner-style\"><\/span><\/span><\/div>\n<div class='flex_column av-av_one_half-2a9015ff38129c418a3f2eafba3e9512 av_one_half  avia-builder-el-3  el_after_av_hr  el_before_av_one_half  first flex_column_div '   ><form action=\"https:\/\/hispona.org\/gl_ES\/membros\/rui-gonzalo-farias-iglesias\/\" method=\"post\"  class=\"avia_ajax_form av-form-labels-visible   avia-builder-el-4  avia-builder-el-no-sibling   \" data-avia-form-id=\"1\" data-avia-redirect='' ><h3 class=''>Contacta con Rui Far\u00edas Iglesias<\/h3><fieldset><p class='  first_form  form_element form_fullwidth' id='element_avia_1_1'><label for=\"avia_1_1\">Nome <abbr class=\"required\" title=\"required\">*<\/abbr><\/label> <input name=\"avia_1_1\" class=\"text_input is_empty\" type=\"text\" id=\"avia_1_1\" value=\"\" \/><\/p><p class='  first_form  form_element form_fullwidth' id='element_avia_2_1'><label for=\"avia_2_1\">Correo electr\u00f3nico <abbr class=\"required\" title=\"required\">*<\/abbr><\/label> <input name=\"avia_2_1\" class=\"text_input is_email\" type=\"text\" id=\"avia_2_1\" value=\"\" \/><\/p><p class='  first_form  form_element form_fullwidth' id='element_avia_3_1'><label for=\"avia_3_1\">Asunto <abbr class=\"required\" title=\"required\">*<\/abbr><\/label> <input name=\"avia_3_1\" class=\"text_input is_empty\" type=\"text\" id=\"avia_3_1\" value=\"\" \/><\/p><p class='  first_form  form_element form_fullwidth av-last-visible-form-element' id='element_avia_4_1'><label for=\"avia_4_1\" class=\"textare_label hidden textare_label_avia_4_1\">Mensaxe <abbr class=\"required\" title=\"required\">*<\/abbr><\/label><textarea  name=\"avia_4_1\" class=\"text_area is_empty\" cols=\"40\" rows=\"7\" id=\"avia_4_1\" ><\/textarea><\/p><p class=\"hidden\"><input type=\"text\" name=\"avia_5_1\" class=\"hidden \" id=\"avia_5_1\" value=\"\" \/><\/p><p class=\"form_element \"><input type=\"hidden\" value=\"1\" name=\"avia_generated_form1\" \/><input type=\"submit\" value=\"Enviar\" class=\"button\"  data-sending-label=\"Sending\"\/><\/p><\/fieldset><\/form><div id=\"ajaxresponse_1\" class=\"ajaxresponse ajaxresponse_1 hidden\"><\/div><\/div>\n<div class='flex_column av-av_one_half-61f1f3fb8a14755dafdb04b8bcedc67a av_one_half  avia-builder-el-5  el_after_av_one_half  el_before_av_hr  flex_column_div '   ><section class=\"av_textblock_section \"  itemscope=\"itemscope\" itemtype=\"https:\/\/schema.org\/CreativeWork\" ><div class='avia_textblock  '   itemprop=\"text\" ><h2>Mais informaci\u00f3n<\/h2>\n<\/div><\/section><br \/>\n<div  class='avia-icon-list-container av-av_iconlist-e4a0ebdf966f1bea8883e87bb95dffd6  avia-builder-el-7  el_after_av_textblock  avia-builder-el-last  '><ul class='avia-icon-list avia_animate_when_almost_visible avia-icon-list-left av-iconlist-big av-av_iconlist-e4a0ebdf966f1bea8883e87bb95dffd6 avia-iconlist-animate'>\n<li><div class='iconlist_icon av-av_iconlist_item-c1a6d3bd63ddc8566aa291fe8b4a3d9a avia-font-entypo-fontello'><span class='iconlist-char ' aria-hidden='true' data-av_icon='\ue84d' data-av_iconfont='entypo-fontello'><\/span><\/div><article class=\"article-icon-entry \"  itemscope=\"itemscope\" itemtype=\"https:\/\/schema.org\/CreativeWork\" ><div class='iconlist_content_wrap'><header class=\"entry-content-header\"><h4 class='av_iconlist_title iconlist_title   '  itemprop=\"headline\" >Curriculum<\/h4><\/header><div class='iconlist_content  '  itemprop=\"text\" ><p>List Content goes here<\/p>\n<\/div><\/div><footer class=\"entry-footer\"><\/footer><\/article><div class='iconlist-timeline'><\/div><\/li>\n<li><div class='iconlist_icon av-av_iconlist_item-2cff1608ff383014a118454b0e6bc7d8 avia-font-entypo-fontello'><span class='iconlist-char ' aria-hidden='true' data-av_icon='\ue805' data-av_iconfont='entypo-fontello'><\/span><\/div><article class=\"article-icon-entry \"  itemscope=\"itemscope\" itemtype=\"https:\/\/schema.org\/CreativeWork\" ><div class='iconlist_content_wrap'><header class=\"entry-content-header\"><h4 class='av_iconlist_title iconlist_title   '  itemprop=\"headline\" ><a href='mailto:ruyfarias@conicet.gov.ar' title='Mail'>Mail<\/a><\/h4><\/header><div class='iconlist_content  '  itemprop=\"text\" ><p>ruyfarias@conicet.gov.ar<\/p>\n<\/div><\/div><footer class=\"entry-footer\"><\/footer><\/article><div class='iconlist-timeline'><\/div><\/li>\n<li><div class='iconlist_icon av-av_iconlist_item-378a50a521658aa524b5947c911fddb9 avia-font-entypo-fontello'><span class='iconlist-char ' aria-hidden='true' data-av_icon='\ue8fd' data-av_iconfont='entypo-fontello'><\/span><\/div><article class=\"article-icon-entry \"  itemscope=\"itemscope\" itemtype=\"https:\/\/schema.org\/CreativeWork\" ><div class='iconlist_content_wrap'><header class=\"entry-content-header\"><h4 class='av_iconlist_title iconlist_title   '  itemprop=\"headline\" >LinkedIn<\/h4><\/header><div class='iconlist_content  '  itemprop=\"text\" ><p>List Content goes here<\/p>\n<\/div><\/div><footer class=\"entry-footer\"><\/footer><\/article><div class='iconlist-timeline'><\/div><\/li>\n<\/ul><\/div><\/p><\/div>\n<div  class='hr av-av_hr-c69e1af1bad63c3964cc522caf796498 hr-short  avia-builder-el-8  el_after_av_one_half  avia-builder-el-last  hr-center '><span class='hr-inner '><span class=\"hr-inner-style\"><\/span><\/span><\/div>\n","protected":false},"excerpt":{"rendered":"","protected":false},"author":2,"featured_media":0,"parent":2912,"menu_order":0,"comment_status":"open","ping_status":"open","template":"","meta":{"_bbp_topic_count":0,"_bbp_reply_count":0,"_bbp_total_topic_count":0,"_bbp_total_reply_count":0,"_bbp_voice_count":0,"_bbp_anonymous_reply_count":0,"_bbp_topic_count_hidden":0,"_bbp_reply_count_hidden":0,"_bbp_forum_subforum_count":0,"jetpack_post_was_ever_published":false,"footnotes":""},"class_list":["post-2938","page","type-page","status-publish","hentry"],"jetpack_shortlink":"https:\/\/wp.me\/P45vGI-Lo","jetpack_sharing_enabled":true,"_links":{"self":[{"href":"https:\/\/hispona.org\/gl_ES\/wp-json\/wp\/v2\/pages\/2938","targetHints":{"allow":["GET"]}}],"collection":[{"href":"https:\/\/hispona.org\/gl_ES\/wp-json\/wp\/v2\/pages"}],"about":[{"href":"https:\/\/hispona.org\/gl_ES\/wp-json\/wp\/v2\/types\/page"}],"author":[{"embeddable":true,"href":"https:\/\/hispona.org\/gl_ES\/wp-json\/wp\/v2\/users\/2"}],"replies":[{"embeddable":true,"href":"https:\/\/hispona.org\/gl_ES\/wp-json\/wp\/v2\/comments?post=2938"}],"version-history":[{"count":2,"href":"https:\/\/hispona.org\/gl_ES\/wp-json\/wp\/v2\/pages\/2938\/revisions"}],"predecessor-version":[{"id":3091,"href":"https:\/\/hispona.org\/gl_ES\/wp-json\/wp\/v2\/pages\/2938\/revisions\/3091"}],"up":[{"embeddable":true,"href":"https:\/\/hispona.org\/gl_ES\/wp-json\/wp\/v2\/pages\/2912"}],"wp:attachment":[{"href":"https:\/\/hispona.org\/gl_ES\/wp-json\/wp\/v2\/media?parent=2938"}],"curies":[{"name":"wp","href":"https:\/\/api.w.org\/{rel}","templated":true}]}}