{"id":2919,"date":"2014-01-23T16:16:12","date_gmt":"2014-01-23T16:16:12","guid":{"rendered":"http:\/\/hispona.org\/?page_id=2919"},"modified":"2024-06-13T08:55:12","modified_gmt":"2024-06-13T08:55:12","slug":"emilio-grandio-seoane","status":"publish","type":"page","link":"https:\/\/hispona.org\/gl_ES\/membros\/emilio-grandio-seoane\/","title":{"rendered":"Emilio Grand\u00edo Seoane"},"content":{"rendered":"<section class=\"av_textblock_section \"  itemscope=\"itemscope\" itemtype=\"https:\/\/schema.org\/CreativeWork\" ><div class='avia_textblock  '   itemprop=\"text\" ><h2>Emilio Grand\u00edo Seoane<\/h2>\n<h3>Coordinador<\/h3>\n<p><a href=\"https:\/\/hispona.org\/wp-content\/uploads\/SN7C8F1_1-e1588524176483.jpg\"><img loading=\"lazy\" decoding=\"async\" class=\"wp-image-3823  aligncenter\" src=\"https:\/\/hispona.org\/wp-content\/uploads\/SN7C8F1_1-e1588524176483.jpg\" alt=\"\" width=\"264\" height=\"267\" srcset=\"https:\/\/hispona.org\/wp-content\/uploads\/SN7C8F1_1-e1588524176483.jpg 498w, https:\/\/hispona.org\/wp-content\/uploads\/SN7C8F1_1-e1588524176483-80x80.jpg 80w, https:\/\/hispona.org\/wp-content\/uploads\/SN7C8F1_1-e1588524176483-296x300.jpg 296w, https:\/\/hispona.org\/wp-content\/uploads\/SN7C8F1_1-e1588524176483-36x36.jpg 36w\" sizes=\"auto, (max-width: 264px) 100vw, 264px\" \/><\/a><\/p>\n<p><span data-contrast=\"auto\">Catedr\u00e1tico de Historia Contempor\u00e1nea da Universidade de Santiago de Compostela (2023), foi secretario do Departamento de Historia Contempor\u00e1nea e de Am\u00e9rica (2006-2010), coordinador do M\u00e1ster Interuniversitario en Historia Contempor\u00e1nea (2012-2018) e coordinador de Grupo HISPONA (2012-2023). Doutor en Historia en 1995 coa tese <\/span><i><span data-contrast=\"auto\">La CEDA en Galicia 1931-1936<\/span><\/i><span data-contrast=\"auto\">. As s\u00faas li\u00f1as de investigaci\u00f3n prioritarias xiran arredor da historia pol\u00edtica e social dende a II Rep\u00fablica ata a Transici\u00f3n Democr\u00e1tica, a ditadura franquista e os servizos de informaci\u00f3n.<\/span><span data-ccp-props=\"{&quot;201341983&quot;:0,&quot;335551550&quot;:6,&quot;335551620&quot;:6,&quot;335559739&quot;:160,&quot;335559740&quot;:259}\">\u00a0<\/span><\/p>\n<p><span data-contrast=\"auto\">Dirixiu e coordinou diversos proxectos de investigaci\u00f3n nacionais e internacionais, financiados polo Ministerio da Presidencia e o MINECO. Tam\u00e9n as financiadas pola Deputaci\u00f3n Provincial da Coru\u00f1a sobre a represi\u00f3n da Guerra Civil na provincia da Coru\u00f1a (2004-2006), o conflito sociopol\u00edtico na II Rep\u00fablica (2006-2008) e a represi\u00f3n institucional nas provincias da Coru\u00f1a (\u00abXeraci\u00f3n Perdida Coru\u00f1a 36\u00bb, 2016-2017, https:\/\/www.dacoruna.gal\/cultura\/xeracion-perdida\/) e Pontevedra (\u00abXeraci\u00f3n Perdida Pontevedra 36\u00bb, 2017-2018, https:\/\/arquivos.depo.gal\/xeraci\u00f3n perdida). Entre 2006 e 2012 foi coordinador do proxecto interuniversitario \u00abAs v\u00edtimas, os nomes, as voces e os lugares\u00bb (Universidades de Santiago de Compostela, A Coru\u00f1a e Vigo), pioneiro nos estudos sobre a represi\u00f3n da Guerra Civil. Tam\u00e9n coordinou os grupos EUCODE, liderados por sete universidades espa\u00f1olas, para desenvolver un proxecto europeo sobre \u00abA cultura do fascismo\/antifascismo na construci\u00f3n de procesos de transici\u00f3n democr\u00e1tica\u00bb (2015-2017); e a Rede de Excelencia RETTDES (2015-2017). Coordinador da RESHINT, Rede Espa\u00f1ola de Estudos de Intelixencia Hist\u00f3rica (https:\/\/reshint.wixsite.com\/reshint\/objetivos)<\/span><span data-ccp-props=\"{&quot;201341983&quot;:0,&quot;335551550&quot;:6,&quot;335551620&quot;:6,&quot;335559739&quot;:160,&quot;335559740&quot;:259}\">\u00a0<\/span><\/p>\n<p><span data-contrast=\"auto\">Investigador principal de proxectos e grupos de traballo vinculados \u00e1 creaci\u00f3n de lugares da memoria democr\u00e1tica en Galicia, con financiamento da Secretar\u00eda de Estado da Memoria Democr\u00e1tica (2021-2023, https:\/\/memoriasvivas.es\/), ademais de ser o responsable do convenio de colaboraci\u00f3n para a dixitalizaci\u00f3n e difusi\u00f3n do Fondo Miguel Guti\u00e9rrez de Propaganda Pol\u00edtica da Transici\u00f3n (2022-2024, <\/span><a href=\"https:\/\/consellodacultura.gal\/evento.php?id=201745\"><span data-contrast=\"none\">https:\/\/consellodacultura.gal\/evento.php?id=201745<\/span><\/a><span data-contrast=\"auto\">).<\/span><span data-ccp-props=\"{&quot;201341983&quot;:0,&quot;335551550&quot;:6,&quot;335551620&quot;:6,&quot;335559739&quot;:0,&quot;335559740&quot;:240}\">\u00a0<\/span><\/p>\n<p><span data-contrast=\"none\">Entre as suas monograf\u00edas salientan <\/span><i><span data-contrast=\"none\">Historia da Coru\u00f1a (s\u00e9culos XIX e XX)<\/span><\/i><span data-contrast=\"none\">\u202f(1996);\u202f<\/span><i><span data-contrast=\"none\">O republicanismo coru\u00f1\u00e9s na Historia<\/span><\/i><span data-contrast=\"none\">\u202f(1997); <\/span><i><span data-contrast=\"none\">Anos de guerra. A Coru\u00f1a, 1936-1939<\/span><\/i><span data-contrast=\"none\">\u202f(1999); <\/span><i><span data-contrast=\"none\">Caciquismo e elecci\u00f3ns na Galicia da Segunda Rep\u00fablica <\/span><\/i><span data-contrast=\"none\">(1999); <\/span><i><span data-contrast=\"none\">O Informe Brandariz\u202f(A Coru\u00f1a, 1937)<\/span><\/i><span data-contrast=\"none\"> (2001);\u202f<\/span><i><span data-contrast=\"none\">Casares Quiroga. Discursos parlamentarios<\/span><\/i><span data-contrast=\"none\">\u202f(2006);\u202f<\/span><i><span data-contrast=\"none\">Casares Quiroga. A forxa dun l\u00edder\u202f<\/span><\/i><span data-contrast=\"none\">(2011);\u202f<\/span><i><span data-contrast=\"none\">Vixiados<\/span><\/i><span data-contrast=\"none\">\u202f(2011);\u202f<\/span><i><span data-contrast=\"none\">War Zone. A Segunda Guerra Mundial no noroeste da Pen\u00ednsula Ib\u00e9rica<\/span><\/i><span data-contrast=\"none\">\u202f(2012);\u202f<\/span><i><span data-contrast=\"none\">Derribar a Franco<\/span><\/i><span data-contrast=\"none\">\u202f(2013); <\/span><i><span data-contrast=\"none\">A Balancing Act: British Intelligence during the Second World War in Spain<\/span><\/i><span data-contrast=\"none\"> (2017); y <\/span><i><span data-contrast=\"none\">Hora Zero. La inteligencia brit\u00e1nica en Espa\u00f1a durante la Segunda Guerra Mundial<\/span><\/i><span data-contrast=\"none\"> (2021).<\/span><span data-ccp-props=\"{&quot;201341983&quot;:0,&quot;335551550&quot;:6,&quot;335551620&quot;:6,&quot;335559739&quot;:0,&quot;335559740&quot;:240}\">\u00a0<\/span><\/p>\n<p><span data-contrast=\"none\">As\u00ed mesmo, cabe mencionar a coordinaci\u00f3n do dossier da revista\u202f<\/span><i><span data-contrast=\"none\">Historia del Presente<\/span><\/i><span data-contrast=\"none\">\u202fsobre a Transici\u00f3n en Galicia co artigo \u00abA maquinaria da transici\u00f3n: a UCD en Galicia\u00bb (2015); \u00abA luz que marcou o cami\u00f1o: a reconstituci\u00f3n do PSOE en Galicia\u00bb, <\/span><i><span data-contrast=\"none\">Historia del Presente <\/span><\/i><span data-contrast=\"none\">26 (2017); \u00abFranquismo e oposici\u00f3n nos anos cincuenta: narraci\u00f3ns da reconciliaci\u00f3n nacional\u00bb, en F. Morente e F. Gallego,\u202f<\/span><i><span data-contrast=\"none\">The last survivor<\/span><\/i><span data-contrast=\"none\"> (<\/span><span data-contrast=\"none\">Sussex Academic Press, 2017);\u202f<\/span><i><span data-contrast=\"none\">Compromiso por la democracia. <\/span><\/i><i><span data-contrast=\"none\">Historia vital de Salvador de Madariaga <\/span><\/i><span data-contrast=\"none\">(Instituto Jos\u00e9 Cornide, 2017); \u00abSobre a transici\u00f3n democr\u00e1tica e o s\u00e9culo XXI: Novas formas, novas f\u00f3rmulas\u00bb, <\/span><i><span data-contrast=\"none\">Studia Hist\u00f3rica Contempor\u00e1nea<\/span><\/i><span data-contrast=\"none\"> 35 (2020). Escribiu ou coordinou tam\u00e9n as obras colectivas, con J. Prada e J. R. Rodr\u00edguez Lago (coords.), <\/span><i><span data-contrast=\"none\">En transici\u00f3n. Europa y los retos de la representatividad <\/span><\/i><span data-contrast=\"none\">(2020); con E. Fern\u00e1ndez, <\/span><i><span data-contrast=\"none\">Orden o Rep\u00fablica? Conflictividad social y pol\u00edtica en A Coru\u00f1a (1931-1936)<\/span><\/i><span data-contrast=\"none\"> (2020); con A. Romero (eds.), <\/span><i><span data-contrast=\"none\">Profesor Barreiro. <\/span><\/i><i><span data-contrast=\"none\">Homenaxe debida a Xos\u00e9 Ram\u00f3n Barreiro Fern\u00e1ndez<\/span><\/i><span data-contrast=\"none\"> (2023); <\/span><i><span data-contrast=\"none\">Pasado arrincado. <\/span><\/i><i><span data-contrast=\"none\">Lugares de Memoria Democr\u00e1tica en Galicia<\/span><\/i><span data-contrast=\"none\"> (2024); e con C. P\u00edriz (coords.) <\/span><i><span data-contrast=\"none\">Espa\u00f1a esp\u00eda(da). Los servicios de informaci\u00f3n en la Espa\u00f1a de la Segunda Guerra Mundial<\/span><\/i><span data-contrast=\"none\"> (en publicaci\u00f3n).<\/span><span data-ccp-props=\"{&quot;201341983&quot;:0,&quot;335551550&quot;:6,&quot;335551620&quot;:6,&quot;335559739&quot;:0,&quot;335559740&quot;:240}\">\u00a0<\/span><\/p>\n<p><span data-contrast=\"auto\">\u00c9 autor dos Informes Hist\u00f3ricos do Pazo de Meir\u00e1s encargados pola Deputaci\u00f3n da Coru\u00f1a (2018) e a Comisi\u00f3n de Expertos da Xunta de Galicia (2019); do Informe Hist\u00f3rico do proceso de permuta da Casa Cornide, a cargo do Concello da Coru\u00f1a (2020); e presidente da Comisi\u00f3n de Expertos para a Recuperaci\u00f3n das Estatuas do Mestre Mateo (Consorcio de Santiago, 2021). Membro das redes internacionais Direitas, Hist\u00f3ria e Memoria (DHM) e a Rede para o estudo do fascismo, o autoritarismo e as transici\u00f3ns \u00e1 democracia (REFAT). Membro dos Consellos de Direcci\u00f3n do Instituto Jos\u00e9 Cornide de Estudos Coru\u00f1eses e da Asociaci\u00f3n de Historiadores da actualidade. Colaborador en medios de comunicaci\u00f3n, asesor de pel\u00edculas e documentais e comisario de exposici\u00f3ns sobre as s\u00faas li\u00f1as de investigaci\u00f3n.<\/span><span data-ccp-props=\"{&quot;201341983&quot;:0,&quot;335551550&quot;:6,&quot;335551620&quot;:6,&quot;335559739&quot;:160,&quot;335559740&quot;:259}\">\u00a0<\/span><\/p>\n<\/div><\/section>\n<div class='flex_column av-pgvtkn-f9ddde519325027288f8d5236db223bb av_one_half  avia-builder-el-1  el_after_av_textblock  el_before_av_hr  first flex_column_div column-top-margin'   ><\/div>\n<div  class='hr av-opk0wn-090f7aaafd82152cbf0c48c71876be88 hr-short  avia-builder-el-2  el_after_av_one_half  el_before_av_one_half  hr-center '><span class='hr-inner '><span class=\"hr-inner-style\"><\/span><\/span><\/div>\n<div class='flex_column av-m8yidj-871838c13758067e25d50a4f5a8bb7ba av_one_half  avia-builder-el-3  el_after_av_hr  el_before_av_one_half  first flex_column_div '   ><form action=\"https:\/\/hispona.org\/gl_ES\/membros\/emilio-grandio-seoane\/\" method=\"post\"  class=\"avia_ajax_form av-form-labels-visible   avia-builder-el-4  avia-builder-el-no-sibling   \" data-avia-form-id=\"1\" data-avia-redirect='' ><h3 class=''>Contacta con Emilio Grand\u00edo Seoane<\/h3><fieldset><p class='  first_form  form_element form_fullwidth' id='element_avia_1_1'><label for=\"avia_1_1\">Nome <abbr class=\"required\" title=\"required\">*<\/abbr><\/label> <input name=\"avia_1_1\" class=\"text_input is_empty\" type=\"text\" id=\"avia_1_1\" value=\"\" \/><\/p><p class='  first_form  form_element form_fullwidth' id='element_avia_2_1'><label for=\"avia_2_1\">Correo electr\u00f3nico <abbr class=\"required\" title=\"required\">*<\/abbr><\/label> <input name=\"avia_2_1\" class=\"text_input is_email\" type=\"text\" id=\"avia_2_1\" value=\"\" \/><\/p><p class='  first_form  form_element form_fullwidth' id='element_avia_3_1'><label for=\"avia_3_1\">Asunto <abbr class=\"required\" title=\"required\">*<\/abbr><\/label> <input name=\"avia_3_1\" class=\"text_input is_empty\" type=\"text\" id=\"avia_3_1\" value=\"\" \/><\/p><p class='  first_form  form_element form_fullwidth av-last-visible-form-element' id='element_avia_4_1'><label for=\"avia_4_1\" class=\"textare_label hidden textare_label_avia_4_1\">Mensaxe <abbr class=\"required\" title=\"required\">*<\/abbr><\/label><textarea  name=\"avia_4_1\" class=\"text_area is_empty\" cols=\"40\" rows=\"7\" id=\"avia_4_1\" ><\/textarea><\/p><p class=\"hidden\"><input type=\"text\" name=\"avia_5_1\" class=\"hidden \" id=\"avia_5_1\" value=\"\" \/><\/p><p class=\"form_element \"><input type=\"hidden\" value=\"1\" name=\"avia_generated_form1\" \/><input type=\"submit\" value=\"Enviar\" class=\"button\"  data-sending-label=\"Sending\"\/><\/p><\/fieldset><\/form><div id=\"ajaxresponse_1\" class=\"ajaxresponse ajaxresponse_1 hidden\"><\/div><\/div>\n<div class='flex_column av-1as393-b781ea9f7f07490d99356f3480c5661c av_one_half  avia-builder-el-5  el_after_av_one_half  el_before_av_hr  flex_column_div '   ><section class=\"av_textblock_section \"  itemscope=\"itemscope\" itemtype=\"https:\/\/schema.org\/CreativeWork\" ><div class='avia_textblock  '   itemprop=\"text\" ><h2>Mais informaci\u00f3n<\/h2>\n<\/div><\/section><br \/>\n<div  class='avia-icon-list-container av-9o0khj-0fb2c0d3093e686727ab9ad9cf587fa6  avia-builder-el-7  el_after_av_textblock  avia-builder-el-last  '><ul class='avia-icon-list avia_animate_when_almost_visible avia-icon-list-left av-iconlist-big av-9o0khj-0fb2c0d3093e686727ab9ad9cf587fa6 avia-iconlist-animate'>\n<li><div class='iconlist_icon av-7ee1g7-ee8ddec3e34b4aef6433dde9ef69cc65 avia-font-entypo-fontello'><span class='iconlist-char ' aria-hidden='true' data-av_icon='\ue84d' data-av_iconfont='entypo-fontello'><\/span><\/div><article class=\"article-icon-entry \"  itemscope=\"itemscope\" itemtype=\"https:\/\/schema.org\/CreativeWork\" ><div class='iconlist_content_wrap'><header class=\"entry-content-header\"><h4 class='av_iconlist_title iconlist_title   '  itemprop=\"headline\" >Curriculum<\/h4><\/header><div class='iconlist_content  '  itemprop=\"text\" ><p>En formato pdf<\/p>\n<\/div><\/div><footer class=\"entry-footer\"><\/footer><\/article><div class='iconlist-timeline'><\/div><\/li>\n<li><div class='iconlist_icon av-5erldj-1d4b487937c0b67ebbd0cf214d34015f avia-font-entypo-fontello'><span class='iconlist-char ' aria-hidden='true' data-av_icon='\ue805' data-av_iconfont='entypo-fontello'><\/span><\/div><article class=\"article-icon-entry \"  itemscope=\"itemscope\" itemtype=\"https:\/\/schema.org\/CreativeWork\" ><div class='iconlist_content_wrap'><header class=\"entry-content-header\"><h4 class='av_iconlist_title iconlist_title   '  itemprop=\"headline\" ><a href='mailto:emilio.grandio@usc.es' title='Mail'>Mail<\/a><\/h4><\/header><div class='iconlist_content  '  itemprop=\"text\" ><p>emilio.grandio@usc.es<\/p>\n<\/div><\/div><footer class=\"entry-footer\"><\/footer><\/article><div class='iconlist-timeline'><\/div><\/li>\n<li><div class='iconlist_icon av-4e62tj-cff926a41fc29f23f057d8985a2b7c26 avia-font-entypo-fontello'><span class='iconlist-char ' aria-hidden='true' data-av_icon='\ue8fd' data-av_iconfont='entypo-fontello'><\/span><\/div><article class=\"article-icon-entry \"  itemscope=\"itemscope\" itemtype=\"https:\/\/schema.org\/CreativeWork\" ><div class='iconlist_content_wrap'><header class=\"entry-content-header\"><h4 class='av_iconlist_title iconlist_title   '  itemprop=\"headline\" ><a href='http:\/\/es.linkedin.com\/pub\/emilio-grand%C3%ADo-seoane\/67\/120\/baa' title='LinkedIn'>LinkedIn<\/a><\/h4><\/header><div class='iconlist_content  '  itemprop=\"text\" ><p>Perfil en Linkedin<\/p>\n<\/div><\/div><footer class=\"entry-footer\"><\/footer><\/article><div class='iconlist-timeline'><\/div><\/li>\n<\/ul><\/div><\/p><\/div>\n<div  class='hr av-21cvp3-e49d502599f1660229a8f2e664764d47 hr-short  avia-builder-el-8  el_after_av_one_half  avia-builder-el-last  hr-center '><span class='hr-inner '><span class=\"hr-inner-style\"><\/span><\/span><\/div>\n","protected":false},"excerpt":{"rendered":"","protected":false},"author":5,"featured_media":0,"parent":2912,"menu_order":1,"comment_status":"open","ping_status":"open","template":"","meta":{"_bbp_topic_count":0,"_bbp_reply_count":0,"_bbp_total_topic_count":0,"_bbp_total_reply_count":0,"_bbp_voice_count":0,"_bbp_anonymous_reply_count":0,"_bbp_topic_count_hidden":0,"_bbp_reply_count_hidden":0,"_bbp_forum_subforum_count":0,"jetpack_post_was_ever_published":false,"footnotes":""},"class_list":["post-2919","page","type-page","status-publish","hentry"],"jetpack_shortlink":"https:\/\/wp.me\/P45vGI-L5","jetpack_sharing_enabled":true,"_links":{"self":[{"href":"https:\/\/hispona.org\/gl_ES\/wp-json\/wp\/v2\/pages\/2919","targetHints":{"allow":["GET"]}}],"collection":[{"href":"https:\/\/hispona.org\/gl_ES\/wp-json\/wp\/v2\/pages"}],"about":[{"href":"https:\/\/hispona.org\/gl_ES\/wp-json\/wp\/v2\/types\/page"}],"author":[{"embeddable":true,"href":"https:\/\/hispona.org\/gl_ES\/wp-json\/wp\/v2\/users\/5"}],"replies":[{"embeddable":true,"href":"https:\/\/hispona.org\/gl_ES\/wp-json\/wp\/v2\/comments?post=2919"}],"version-history":[{"count":10,"href":"https:\/\/hispona.org\/gl_ES\/wp-json\/wp\/v2\/pages\/2919\/revisions"}],"predecessor-version":[{"id":4196,"href":"https:\/\/hispona.org\/gl_ES\/wp-json\/wp\/v2\/pages\/2919\/revisions\/4196"}],"up":[{"embeddable":true,"href":"https:\/\/hispona.org\/gl_ES\/wp-json\/wp\/v2\/pages\/2912"}],"wp:attachment":[{"href":"https:\/\/hispona.org\/gl_ES\/wp-json\/wp\/v2\/media?parent=2919"}],"curies":[{"name":"wp","href":"https:\/\/api.w.org\/{rel}","templated":true}]}}