{"id":2889,"date":"2014-01-23T01:38:30","date_gmt":"2014-01-23T01:38:30","guid":{"rendered":"http:\/\/hispona.org\/?page_id=2889"},"modified":"2019-12-13T17:30:19","modified_gmt":"2019-12-13T17:30:19","slug":"artigos","status":"publish","type":"page","link":"https:\/\/hispona.org\/gl_ES\/artigos\/","title":{"rendered":"Artigos"},"content":{"rendered":"\n<p><\/p>\n\n\n<section class=\"av_textblock_section \"  itemscope=\"itemscope\" itemtype=\"https:\/\/schema.org\/CreativeWork\" ><div class='avia_textblock  '   itemprop=\"text\" ><h2>Listado de artigos<\/h2>\n<p>Publicados en revistas do\u00a0<a href=\"http:\/\/www.bugalicia.org\/interface.asp?bdd=32\">Journal Citation Reports<\/a><\/p>\n<\/div><\/section>\n<div  class='hr av-av_hr-c69e1af1bad63c3964cc522caf796498 hr-short  avia-builder-el-1  el_after_av_textblock  el_before_av_textblock  hr-center '><span class='hr-inner '><span class=\"hr-inner-style\"><\/span><\/span><\/div>\n<section class=\"av_textblock_section \"  itemscope=\"itemscope\" itemtype=\"https:\/\/schema.org\/CreativeWork\" ><div class='avia_textblock  '   itemprop=\"text\" ><h2>2012<\/h2>\n<\/div><\/section>\n<div  class='avia-icon-list-container av-av_iconlist-e4a0ebdf966f1bea8883e87bb95dffd6  avia-builder-el-3  el_after_av_textblock  el_before_av_hr  '><ul class='avia-icon-list avia_animate_when_almost_visible avia-icon-list-left av-iconlist-big av-av_iconlist-e4a0ebdf966f1bea8883e87bb95dffd6 avia-iconlist-animate'>\n<li><div class='iconlist_icon av-av_iconlist_item-ef24969ff7b0e5edbe4297fff96c33de avia-font-entypo-fontello'><span class='iconlist-char ' aria-hidden='true' data-av_icon='\ue84d' data-av_iconfont='entypo-fontello'><\/span><\/div><article class=\"article-icon-entry \"  itemscope=\"itemscope\" itemtype=\"https:\/\/schema.org\/CreativeWork\" ><div class='iconlist_content_wrap'><header class=\"entry-content-header\"><h4 class='av_iconlist_title iconlist_title   '  itemprop=\"headline\" >La \u2018Cruzada europea contra el bolchevismo\u2019: Mito y realidad<\/h4><\/header><div class='iconlist_content  '  itemprop=\"text\" ><p><strong>Autor:<\/strong> Xos\u00e9 Manoel N\u00fa\u00f1ez Seixas<\/p>\n<p><strong>Revista:\u00a0<\/strong>Cuadernos de Historia Contempor\u00e1nea, 34<\/p>\n<p><strong>P\u00e1xinas: <\/strong>31-63<\/p>\n<\/div><\/div><footer class=\"entry-footer\"><\/footer><\/article><div class='iconlist-timeline'><\/div><\/li>\n<\/ul><\/div>\n<div  class='hr av-av_hr-c69e1af1bad63c3964cc522caf796498 hr-short  avia-builder-el-4  el_after_av_iconlist  el_before_av_textblock  hr-center '><span class='hr-inner '><span class=\"hr-inner-style\"><\/span><\/span><\/div>\n<section class=\"av_textblock_section \"  itemscope=\"itemscope\" itemtype=\"https:\/\/schema.org\/CreativeWork\" ><div class='avia_textblock  '   itemprop=\"text\" ><h2>2011<\/h2>\n<\/div><\/section>\n<div  class='avia-icon-list-container av-av_iconlist-e4a0ebdf966f1bea8883e87bb95dffd6  avia-builder-el-6  el_after_av_textblock  el_before_av_hr  '><ul class='avia-icon-list avia_animate_when_almost_visible avia-icon-list-left av-iconlist-big av-av_iconlist-e4a0ebdf966f1bea8883e87bb95dffd6 avia-iconlist-animate'>\n<li><div class='iconlist_icon av-av_iconlist_item-dac7409628bd7cf0f2225e330ec19a2b avia-font-entypo-fontello'><span class='iconlist-char ' aria-hidden='true' data-av_icon='\ue84d' data-av_iconfont='entypo-fontello'><\/span><\/div><article class=\"article-icon-entry \"  itemscope=\"itemscope\" itemtype=\"https:\/\/schema.org\/CreativeWork\" ><div class='iconlist_content_wrap'><header class=\"entry-content-header\"><h4 class='av_iconlist_title iconlist_title   '  itemprop=\"headline\" ><a href='http:\/\/dialnet.unirioja.es\/descarga\/articulo\/3687135.pdf' title='Sobre la idea de la Europa de los pueblos en el per\u00edodo de entreguerras (1918-1939)'>Sobre la idea de la Europa de los pueblos en el per\u00edodo de entreguerras (1918-1939)<\/a><\/h4><\/header><div class='iconlist_content  '  itemprop=\"text\" ><p><strong>Autor<\/strong>: Xos\u00e9 Manoel N\u00fa\u00f1ez Seixas<\/p>\n<p><strong>Revista: <\/strong>Hermes<\/p>\n<\/div><\/div><footer class=\"entry-footer\"><\/footer><\/article><div class='iconlist-timeline'><\/div><\/li>\n<li><div class='iconlist_icon av-av_iconlist_item-9b0178eede847c33c3e4c101590379f9 avia-font-entypo-fontello'><span class='iconlist-char ' aria-hidden='true' data-av_icon='\ue84d' data-av_iconfont='entypo-fontello'><\/span><\/div><article class=\"article-icon-entry \"  itemscope=\"itemscope\" itemtype=\"https:\/\/schema.org\/CreativeWork\" ><div class='iconlist_content_wrap'><header class=\"entry-content-header\"><h4 class='av_iconlist_title iconlist_title   '  itemprop=\"headline\" >\u00bfTestigos o encubridores? La Divisi\u00f3n Azul y el Holocausto de los jud\u00edos europeos: entre historia y memoria<\/h4><\/header><div class='iconlist_content  '  itemprop=\"text\" ><p><strong>Autor:<\/strong> Xos\u00e9 Manoel N\u00fa\u00f1ez Seixas<\/p>\n<p><strong>Revista:\u00a0<\/strong>Historia y Politica, 26<\/p>\n<p><b>P\u00e1xinas:<\/b> 259-290<\/p>\n<\/div><\/div><footer class=\"entry-footer\"><\/footer><\/article><div class='iconlist-timeline'><\/div><\/li>\n<li><div class='iconlist_icon av-av_iconlist_item-956152675455ff9e22746b74ba8a3996 avia-font-entypo-fontello'><span class='iconlist-char ' aria-hidden='true' data-av_icon='\ue84d' data-av_iconfont='entypo-fontello'><\/span><\/div><article class=\"article-icon-entry \"  itemscope=\"itemscope\" itemtype=\"https:\/\/schema.org\/CreativeWork\" ><div class='iconlist_content_wrap'><header class=\"entry-content-header\"><h4 class='av_iconlist_title iconlist_title   '  itemprop=\"headline\" > Santiago Montero D\u00edaz. As derivas dun fascista heterodoxo<\/h4><\/header><div class='iconlist_content  '  itemprop=\"text\" ><p><strong>Autor<\/strong>: Xos\u00e9 Manoel N\u00fa\u00f1ez Seixas<\/p>\n<p><strong>Revista:\u00a0<\/strong>Grial. Revista galega de cultura, 190<\/p>\n<p><b>P\u00e1xinas: <\/b>65-77<\/p>\n<\/div><\/div><footer class=\"entry-footer\"><\/footer><\/article><div class='iconlist-timeline'><\/div><\/li>\n<li><div class='iconlist_icon av-av_iconlist_item-f3d35d8bc77a71788561b327747f2f11 avia-font-entypo-fontello'><span class='iconlist-char ' aria-hidden='true' data-av_icon='\ue84d' data-av_iconfont='entypo-fontello'><\/span><\/div><article class=\"article-icon-entry \"  itemscope=\"itemscope\" itemtype=\"https:\/\/schema.org\/CreativeWork\" ><div class='iconlist_content_wrap'><header class=\"entry-content-header\"><h4 class='av_iconlist_title iconlist_title   '  itemprop=\"headline\" > Deconstruyendo la parroquia glocal: asociacionismo, redes sociales y h\u00e1bitat urbano de los inmigrantes gallegos en Buenos Aires (1900-1930)<\/h4><\/header><div class='iconlist_content  '  itemprop=\"text\" ><p><strong>Autor<\/strong>: Xos\u00e9 Manoel N\u00fa\u00f1ez Seixas<\/p>\n<p><strong>Revista:\u00a0<\/strong>Historia social, 70<\/p>\n<p><strong>P\u00e1xinas: <\/strong>107-133<\/p>\n<\/div><\/div><footer class=\"entry-footer\"><\/footer><\/article><div class='iconlist-timeline'><\/div><\/li>\n<\/ul><\/div>\n<div  class='hr av-av_hr-c69e1af1bad63c3964cc522caf796498 hr-short  avia-builder-el-7  el_after_av_iconlist  el_before_av_textblock  hr-center '><span class='hr-inner '><span class=\"hr-inner-style\"><\/span><\/span><\/div>\n<section class=\"av_textblock_section \"  itemscope=\"itemscope\" itemtype=\"https:\/\/schema.org\/CreativeWork\" ><div class='avia_textblock  '   itemprop=\"text\" ><h2>2010<\/h2>\n<\/div><\/section>\n<div  class='avia-icon-list-container av-av_iconlist-e4a0ebdf966f1bea8883e87bb95dffd6  avia-builder-el-9  el_after_av_textblock  el_before_av_hr  '><ul class='avia-icon-list avia_animate_when_almost_visible avia-icon-list-left av-iconlist-big av-av_iconlist-e4a0ebdf966f1bea8883e87bb95dffd6 avia-iconlist-animate'>\n<li><div class='iconlist_icon av-av_iconlist_item-1cd8067541b121868b5b23cc7338ef00 avia-font-entypo-fontello'><span class='iconlist-char ' aria-hidden='true' data-av_icon='\ue84d' data-av_iconfont='entypo-fontello'><\/span><\/div><article class=\"article-icon-entry \"  itemscope=\"itemscope\" itemtype=\"https:\/\/schema.org\/CreativeWork\" ><div class='iconlist_content_wrap'><header class=\"entry-content-header\"><h4 class='av_iconlist_title iconlist_title   '  itemprop=\"headline\" >\u00bfO lider de todos n\u00f3s? Aguirre, Castelao y el nacionalismo gallego<\/h4><\/header><div class='iconlist_content  '  itemprop=\"text\" ><p><strong>Autor:<\/strong> Xos\u00e9 Manoel N\u00fa\u00f1ez Seixas<\/p>\n<p><strong>Revista:\u00a0<\/strong>Hermes, 33<\/p>\n<p><strong>P\u00e1ginas:<\/strong> 60-75<\/p>\n<\/div><\/div><footer class=\"entry-footer\"><\/footer><\/article><div class='iconlist-timeline'><\/div><\/li>\n<li><div class='iconlist_icon av-av_iconlist_item-c7ce205e5ae0ffa0ce920ecf1dc00d32 avia-font-entypo-fontello'><span class='iconlist-char ' aria-hidden='true' data-av_icon='\ue84d' data-av_iconfont='entypo-fontello'><\/span><\/div><article class=\"article-icon-entry \"  itemscope=\"itemscope\" itemtype=\"https:\/\/schema.org\/CreativeWork\" ><div class='iconlist_content_wrap'><header class=\"entry-content-header\"><h4 class='av_iconlist_title iconlist_title   '  itemprop=\"headline\" >Nations and Territorial Identities in Europe: Transnational Reflections<\/h4><\/header><div class='iconlist_content  '  itemprop=\"text\" ><p><strong>Autor<\/strong>: Xos\u00e9 Manoel N\u00fa\u00f1ez Seixas<\/p>\n<p><strong>Revista:\u00a0<\/strong>European History Quarterly, 40:4<\/p>\n<p><b>P\u00e1ginas:<\/b> 669-684<\/p>\n<\/div><\/div><footer class=\"entry-footer\"><\/footer><\/article><div class='iconlist-timeline'><\/div><\/li>\n<li><div class='iconlist_icon av-av_iconlist_item-e4876e5fb5a0eae81535cbef05281ea2 avia-font-entypo-fontello'><span class='iconlist-char ' aria-hidden='true' data-av_icon='\ue84d' data-av_iconfont='entypo-fontello'><\/span><\/div><article class=\"article-icon-entry \"  itemscope=\"itemscope\" itemtype=\"https:\/\/schema.org\/CreativeWork\" ><div class='iconlist_content_wrap'><header class=\"entry-content-header\"><h4 class='av_iconlist_title iconlist_title   '  itemprop=\"headline\" >Las patrias de la Rep\u00fablica. La experiencia de los nacionalistas perif\u00e9ricos durante la Guerra Civil espa\u00f1ola (1936-1939)<\/h4><\/header><div class='iconlist_content  '  itemprop=\"text\" ><p><strong>Autor<\/strong>: Xos\u00e9 Manoel N\u00fa\u00f1ez Seixas<\/p>\n<p><strong>Revista:\u00a0<\/strong>Historia Contempor\u00e1nea, 38<\/p>\n<p><b>P\u00e1ginas: <\/b>13-47<\/p>\n<\/div><\/div><footer class=\"entry-footer\"><\/footer><\/article><div class='iconlist-timeline'><\/div><\/li>\n<li><div class='iconlist_icon av-av_iconlist_item-704cb0177f16ed45944acb778e39affb avia-font-entypo-fontello'><span class='iconlist-char ' aria-hidden='true' data-av_icon='\ue84d' data-av_iconfont='entypo-fontello'><\/span><\/div><article class=\"article-icon-entry \"  itemscope=\"itemscope\" itemtype=\"https:\/\/schema.org\/CreativeWork\" ><div class='iconlist_content_wrap'><header class=\"entry-content-header\"><h4 class='av_iconlist_title iconlist_title   '  itemprop=\"headline\" >Irredentismos Ib\u00e9ricos: Acerca de Sobreposi\u00e7\u00f4es Territoriais Reais e Imagin\u00e1rias (S\u00e9culos XIX e XX)<\/h4><\/header><div class='iconlist_content  '  itemprop=\"text\" ><p><strong>Autor<\/strong>: Xos\u00e9 Manoel N\u00fa\u00f1ez Seixas<\/p>\n<p><strong>Revista:\u00a0<\/strong>Revista de Historia das Ideias, 31<\/p>\n<p><b>P\u00e1ginas: <\/b>363-388<\/p>\n<\/div><\/div><footer class=\"entry-footer\"><\/footer><\/article><div class='iconlist-timeline'><\/div><\/li>\n<li><div class='iconlist_icon av-av_iconlist_item-05b53b0642904933e279ba93543a6c12 avia-font-entypo-fontello'><span class='iconlist-char ' aria-hidden='true' data-av_icon='\ue84d' data-av_iconfont='entypo-fontello'><\/span><\/div><article class=\"article-icon-entry \"  itemscope=\"itemscope\" itemtype=\"https:\/\/schema.org\/CreativeWork\" ><div class='iconlist_content_wrap'><header class=\"entry-content-header\"><h4 class='av_iconlist_title iconlist_title   '  itemprop=\"headline\" >Las autobiograf\u00edas de los inmigrantes gallegos en la Argentina (1860-2000): Testimonio, ficci\u00f3n y experiencia<\/h4><\/header><div class='iconlist_content  '  itemprop=\"text\" ><p><strong>Autores<\/strong>: Xos\u00e9 Manoel N\u00fa\u00f1ez Seixas y Ruy Far\u00edas<\/p>\n<p><strong>Revista:\u00a0<\/strong>Migraciones &#038; Exilios, 11<\/p>\n<p><b>P\u00e1ginas:<\/b> 57-80<\/p>\n<\/div><\/div><footer class=\"entry-footer\"><\/footer><\/article><div class='iconlist-timeline'><\/div><\/li>\n<\/ul><\/div>\n<div  class='hr av-av_hr-c69e1af1bad63c3964cc522caf796498 hr-short  avia-builder-el-10  el_after_av_iconlist  el_before_av_textblock  hr-center '><span class='hr-inner '><span class=\"hr-inner-style\"><\/span><\/span><\/div>\n<section class=\"av_textblock_section \"  itemscope=\"itemscope\" itemtype=\"https:\/\/schema.org\/CreativeWork\" ><div class='avia_textblock  '   itemprop=\"text\" ><h2>2009<\/h2>\n<\/div><\/section>\n<div  class='avia-icon-list-container av-av_iconlist-e4a0ebdf966f1bea8883e87bb95dffd6  avia-builder-el-12  el_after_av_textblock  el_before_av_hr  '><ul class='avia-icon-list avia_animate_when_almost_visible avia-icon-list-left av-iconlist-big av-av_iconlist-e4a0ebdf966f1bea8883e87bb95dffd6 avia-iconlist-animate'>\n<li><div class='iconlist_icon av-av_iconlist_item-6ee5266fc302708748eaeb321def5c2b avia-font-entypo-fontello'><span class='iconlist-char ' aria-hidden='true' data-av_icon='\ue84d' data-av_iconfont='entypo-fontello'><\/span><\/div><article class=\"article-icon-entry \"  itemscope=\"itemscope\" itemtype=\"https:\/\/schema.org\/CreativeWork\" ><div class='iconlist_content_wrap'><header class=\"entry-content-header\"><h4 class='av_iconlist_title iconlist_title   '  itemprop=\"headline\" >Transterrados y emigrados: Una interpretaci\u00f3n sociopol\u00edtica del exilio gallego de 1936<\/h4><\/header><div class='iconlist_content  '  itemprop=\"text\" ><p><strong>Autores<\/strong>: Xos\u00e9 Manoel N\u00fa\u00f1ez Seixas y Ruy Far\u00edas<\/p>\n<p><strong>Revista:\u00a0<\/strong>Arbor-ciencia, pensamiento y cultura, 735<\/p>\n<p><b>P\u00e1xinas:<\/b> 113-127<\/p>\n<\/div><\/div><footer class=\"entry-footer\"><\/footer><\/article><div class='iconlist-timeline'><\/div><\/li>\n<li><div class='iconlist_icon av-av_iconlist_item-e62669ecfcd2e3d76b280de4657fadee avia-font-entypo-fontello'><span class='iconlist-char ' aria-hidden='true' data-av_icon='\ue84d' data-av_iconfont='entypo-fontello'><\/span><\/div><article class=\"article-icon-entry \"  itemscope=\"itemscope\" itemtype=\"https:\/\/schema.org\/CreativeWork\" ><div class='iconlist_content_wrap'><header class=\"entry-content-header\"><h4 class='av_iconlist_title iconlist_title   '  itemprop=\"headline\" >The First Great Patriotic War: Spanish Communists and Nationalism, 1936-1939<\/h4><\/header><div class='iconlist_content  '  itemprop=\"text\" ><p><strong>Autores<\/strong>: Xos\u00e9 Manoel N\u00fa\u00f1ez Seixas y Jos\u00e9 M\u00aa Faraldo<\/p>\n<p><strong>Revista:\u00a0<\/strong>Nationalities Papers, 37:4<\/p>\n<p><b>P\u00e1xinas: <\/b>401-424<\/p>\n<\/div><\/div><footer class=\"entry-footer\"><\/footer><\/article><div class='iconlist-timeline'><\/div><\/li>\n<li><div class='iconlist_icon av-av_iconlist_item-af530ad448a0b78e7ff546fd4b6d9239 avia-font-entypo-fontello'><span class='iconlist-char ' aria-hidden='true' data-av_icon='\ue84d' data-av_iconfont='entypo-fontello'><\/span><\/div><article class=\"article-icon-entry \"  itemscope=\"itemscope\" itemtype=\"https:\/\/schema.org\/CreativeWork\" ><div class='iconlist_content_wrap'><header class=\"entry-content-header\"><h4 class='av_iconlist_title iconlist_title   '  itemprop=\"headline\" > El nacionalismo espa\u00f1ol regionalizado y la reinvenci\u00f3n de identidades territoriales, 1960-1977<\/h4><\/header><div class='iconlist_content  '  itemprop=\"text\" ><p><strong>Auto<\/strong>r: Xos\u00e9 Manoel N\u00fa\u00f1ez Seixas<\/p>\n<p><strong>Revista:\u00a0<\/strong>Historia del Presente, 13<\/p>\n<p><b>P\u00e1xinas: <\/b>55-70<\/p>\n<\/div><\/div><footer class=\"entry-footer\"><\/footer><\/article><div class='iconlist-timeline'><\/div><\/li>\n<li><div class='iconlist_icon av-av_iconlist_item-f0ece19c726a638aac773a23e6c64ee6 avia-font-entypo-fontello'><span class='iconlist-char ' aria-hidden='true' data-av_icon='\ue84d' data-av_iconfont='entypo-fontello'><\/span><\/div><article class=\"article-icon-entry \"  itemscope=\"itemscope\" itemtype=\"https:\/\/schema.org\/CreativeWork\" ><div class='iconlist_content_wrap'><header class=\"entry-content-header\"><h4 class='av_iconlist_title iconlist_title   '  itemprop=\"headline\" >A interiorizaci\u00f3n da derrota. Ram\u00f3n Pi\u00f1eiro e o nacionalismo galego<\/h4><\/header><div class='iconlist_content  '  itemprop=\"text\" ><p><strong>Autor<\/strong>: Xusto Beramendi Gonz\u00e1lez<\/p>\n<p><strong>Revista:\u00a0<\/strong>Grial. Revista galega de cultura, 181<\/p>\n<p><strong>P\u00e1xinas: <\/strong>52-59<\/p>\n<\/div><\/div><footer class=\"entry-footer\"><\/footer><\/article><div class='iconlist-timeline'><\/div><\/li>\n<\/ul><\/div>\n<div  class='hr av-av_hr-c69e1af1bad63c3964cc522caf796498 hr-short  avia-builder-el-13  el_after_av_iconlist  avia-builder-el-last  hr-center '><span class='hr-inner '><span class=\"hr-inner-style\"><\/span><\/span><\/div>\n","protected":false},"excerpt":{"rendered":"","protected":false},"author":2,"featured_media":0,"parent":0,"menu_order":0,"comment_status":"open","ping_status":"open","template":"","meta":{"_bbp_topic_count":0,"_bbp_reply_count":0,"_bbp_total_topic_count":0,"_bbp_total_reply_count":0,"_bbp_voice_count":0,"_bbp_anonymous_reply_count":0,"_bbp_topic_count_hidden":0,"_bbp_reply_count_hidden":0,"_bbp_forum_subforum_count":0,"jetpack_post_was_ever_published":false,"footnotes":""},"class_list":["post-2889","page","type-page","status-publish","hentry"],"jetpack_shortlink":"https:\/\/wp.me\/P45vGI-KB","jetpack_sharing_enabled":true,"_links":{"self":[{"href":"https:\/\/hispona.org\/gl_ES\/wp-json\/wp\/v2\/pages\/2889","targetHints":{"allow":["GET"]}}],"collection":[{"href":"https:\/\/hispona.org\/gl_ES\/wp-json\/wp\/v2\/pages"}],"about":[{"href":"https:\/\/hispona.org\/gl_ES\/wp-json\/wp\/v2\/types\/page"}],"author":[{"embeddable":true,"href":"https:\/\/hispona.org\/gl_ES\/wp-json\/wp\/v2\/users\/2"}],"replies":[{"embeddable":true,"href":"https:\/\/hispona.org\/gl_ES\/wp-json\/wp\/v2\/comments?post=2889"}],"version-history":[{"count":3,"href":"https:\/\/hispona.org\/gl_ES\/wp-json\/wp\/v2\/pages\/2889\/revisions"}],"predecessor-version":[{"id":3665,"href":"https:\/\/hispona.org\/gl_ES\/wp-json\/wp\/v2\/pages\/2889\/revisions\/3665"}],"wp:attachment":[{"href":"https:\/\/hispona.org\/gl_ES\/wp-json\/wp\/v2\/media?parent=2889"}],"curies":[{"name":"wp","href":"https:\/\/api.w.org\/{rel}","templated":true}]}}